{"id":116,"date":"2017-03-11T05:02:14","date_gmt":"2017-03-11T05:02:14","guid":{"rendered":"https:\/\/sempiengenharia.com.br\/?page_id=116"},"modified":"2017-03-11T05:02:14","modified_gmt":"2017-03-11T05:02:14","slug":"montagens-de-paineis-de-automacao-2","status":"publish","type":"page","link":"https:\/\/sempiengenharia.com.br\/?page_id=116","title":{"rendered":"Montagens de pain\u00e9is de Automa\u00e7\u00e3o"},"content":{"rendered":"<p><img loading=\"lazy\" decoding=\"async\" class=\"alignnone size-medium wp-image-117 alignright\" src=\"https:\/\/sempiengenharia.com.br\/wp-content\/uploads\/2017\/03\/20160201_133000-300x225.jpg\" alt=\"20160201_133000\" width=\"300\" height=\"225\" srcset=\"https:\/\/sempiengenharia.com.br\/wp-content\/uploads\/2017\/03\/20160201_133000-300x225.jpg 300w, https:\/\/sempiengenharia.com.br\/wp-content\/uploads\/2017\/03\/20160201_133000-285x214.jpg 285w, https:\/\/sempiengenharia.com.br\/wp-content\/uploads\/2017\/03\/20160201_133000.jpg 640w\" sizes=\"auto, (max-width: 300px) 100vw, 300px\" \/><img loading=\"lazy\" decoding=\"async\" class=\"alignnone size-medium wp-image-118 alignright\" src=\"https:\/\/sempiengenharia.com.br\/wp-content\/uploads\/2017\/03\/20150730_103857-300x225.jpg\" alt=\"20150730_103857\" width=\"300\" height=\"225\" srcset=\"https:\/\/sempiengenharia.com.br\/wp-content\/uploads\/2017\/03\/20150730_103857-300x225.jpg 300w, https:\/\/sempiengenharia.com.br\/wp-content\/uploads\/2017\/03\/20150730_103857-768x576.jpg 768w, https:\/\/sempiengenharia.com.br\/wp-content\/uploads\/2017\/03\/20150730_103857-1024x768.jpg 1024w, https:\/\/sempiengenharia.com.br\/wp-content\/uploads\/2017\/03\/20150730_103857-285x214.jpg 285w\" sizes=\"auto, (max-width: 300px) 100vw, 300px\" \/>Desenvolvemos projetos el\u00e9tricos e a montagem de pain\u00e9is de Automa\u00e7\u00e3o de acordo com a necessidade de nossos clientes, este \u00e9 um dos pain\u00e9is mais requisitados no setor de controle e automa\u00e7\u00e3o por conter o controlador l\u00f3gico program\u00e1vel onde \u00e9 o equipamento respons\u00e1vel pela l\u00f3gica do processo industrial.<\/p>\n<p>&nbsp;<\/p>\n<p>&nbsp;<\/p>\n<p>\u00c9 percept\u00edvel que os <strong>pain\u00e9is de automa\u00e7\u00e3o industrial<\/strong> conseguem aumentar a produtividade de uma ind\u00fastria, pois, como toda a atividade acaba sendo feita pela m\u00e1quina que possui um determinado ritmo de trabalho incessante, uma produ\u00e7\u00e3o maior acaba sendo um dos efeitos do processo de automa\u00e7\u00e3o. A qualidade da atividade de produ\u00e7\u00e3o tamb\u00e9m \u00e9 aumentada, devido as corre\u00e7\u00f5es que as pr\u00f3prias m\u00e1quinas podem exercer sobre o processo de trabalho.<\/p>\n<p>Um aumento na produ\u00e7\u00e3o de uma ind\u00fastria tamb\u00e9m gera maior lucro advindo da atividade ind\u00fastria, tornando os <strong>pain\u00e9is de automa\u00e7\u00e3o industrial<\/strong> equipamentos de \u00f3timo custo-benef\u00edcio. Deste modo, pode-se perceber que utilizar os pain\u00e9is de automa\u00e7\u00e3o \u00e9 muito vantajoso. Por\u00e9m, para que tais vantagens sejam alcan\u00e7adas, se faz necess\u00e1rio procurar por <strong>pain\u00e9is de automa\u00e7\u00e3o industrial<\/strong> de boa qualidade.<\/p>\n<p><img loading=\"lazy\" decoding=\"async\" class=\"size-medium wp-image-122 alignleft\" src=\"https:\/\/sempiengenharia.com.br\/wp-content\/uploads\/2017\/03\/WhatsApp-Image-2016-12-06-at-19.28.25-300x225.jpeg\" alt=\"WhatsApp Image 2016-12-06 at 19.28.25\" width=\"300\" height=\"225\" srcset=\"https:\/\/sempiengenharia.com.br\/wp-content\/uploads\/2017\/03\/WhatsApp-Image-2016-12-06-at-19.28.25-300x225.jpeg 300w, https:\/\/sempiengenharia.com.br\/wp-content\/uploads\/2017\/03\/WhatsApp-Image-2016-12-06-at-19.28.25-768x576.jpeg 768w, https:\/\/sempiengenharia.com.br\/wp-content\/uploads\/2017\/03\/WhatsApp-Image-2016-12-06-at-19.28.25-1024x768.jpeg 1024w, https:\/\/sempiengenharia.com.br\/wp-content\/uploads\/2017\/03\/WhatsApp-Image-2016-12-06-at-19.28.25-285x214.jpeg 285w, https:\/\/sempiengenharia.com.br\/wp-content\/uploads\/2017\/03\/WhatsApp-Image-2016-12-06-at-19.28.25.jpeg 1280w\" sizes=\"auto, (max-width: 300px) 100vw, 300px\" \/><img loading=\"lazy\" decoding=\"async\" class=\"size-medium wp-image-121 alignright\" src=\"https:\/\/sempiengenharia.com.br\/wp-content\/uploads\/2017\/03\/WhatsApp-Image-2016-12-07-at-15.27.19-300x225.jpeg\" alt=\"WhatsApp Image 2016-12-07 at 15.27.19\" width=\"300\" height=\"225\" srcset=\"https:\/\/sempiengenharia.com.br\/wp-content\/uploads\/2017\/03\/WhatsApp-Image-2016-12-07-at-15.27.19-300x225.jpeg 300w, https:\/\/sempiengenharia.com.br\/wp-content\/uploads\/2017\/03\/WhatsApp-Image-2016-12-07-at-15.27.19-768x576.jpeg 768w, https:\/\/sempiengenharia.com.br\/wp-content\/uploads\/2017\/03\/WhatsApp-Image-2016-12-07-at-15.27.19-1024x768.jpeg 1024w, https:\/\/sempiengenharia.com.br\/wp-content\/uploads\/2017\/03\/WhatsApp-Image-2016-12-07-at-15.27.19-285x214.jpeg 285w, https:\/\/sempiengenharia.com.br\/wp-content\/uploads\/2017\/03\/WhatsApp-Image-2016-12-07-at-15.27.19.jpeg 1280w\" sizes=\"auto, (max-width: 300px) 100vw, 300px\" \/><\/p>\n<p>&nbsp;<\/p>\n<p>&nbsp;<\/p>\n","protected":false},"excerpt":{"rendered":"<p>Desenvolvemos projetos el\u00e9tricos e a montagem de pain\u00e9is de Automa\u00e7\u00e3o de acordo com a necessidade de nossos clientes, este \u00e9 um dos pain\u00e9is mais requisitados no setor de controle e automa\u00e7\u00e3o por conter o controlador l\u00f3gico program\u00e1vel onde \u00e9 o equipamento respons\u00e1vel pela l\u00f3gica do processo industrial. &nbsp; &nbsp; \u00c9 percept\u00edvel que os pain\u00e9is de [&hellip;]<\/p>\n","protected":false},"author":1,"featured_media":0,"parent":0,"menu_order":0,"comment_status":"closed","ping_status":"closed","template":"","meta":{"footnotes":""},"class_list":["post-116","page","type-page","status-publish","hentry"],"aioseo_notices":[],"_links":{"self":[{"href":"https:\/\/sempiengenharia.com.br\/index.php?rest_route=\/wp\/v2\/pages\/116","targetHints":{"allow":["GET"]}}],"collection":[{"href":"https:\/\/sempiengenharia.com.br\/index.php?rest_route=\/wp\/v2\/pages"}],"about":[{"href":"https:\/\/sempiengenharia.com.br\/index.php?rest_route=\/wp\/v2\/types\/page"}],"author":[{"embeddable":true,"href":"https:\/\/sempiengenharia.com.br\/index.php?rest_route=\/wp\/v2\/users\/1"}],"replies":[{"embeddable":true,"href":"https:\/\/sempiengenharia.com.br\/index.php?rest_route=%2Fwp%2Fv2%2Fcomments&post=116"}],"version-history":[{"count":11,"href":"https:\/\/sempiengenharia.com.br\/index.php?rest_route=\/wp\/v2\/pages\/116\/revisions"}],"predecessor-version":[{"id":132,"href":"https:\/\/sempiengenharia.com.br\/index.php?rest_route=\/wp\/v2\/pages\/116\/revisions\/132"}],"wp:attachment":[{"href":"https:\/\/sempiengenharia.com.br\/index.php?rest_route=%2Fwp%2Fv2%2Fmedia&parent=116"}],"curies":[{"name":"wp","href":"https:\/\/api.w.org\/{rel}","templated":true}]}}