{"id":158,"date":"2017-03-11T05:17:06","date_gmt":"2017-03-11T05:17:06","guid":{"rendered":"https:\/\/sempiengenharia.com.br\/?page_id=158"},"modified":"2017-03-11T05:17:06","modified_gmt":"2017-03-11T05:17:06","slug":"nr10-prontuario-das-instalacoes-eletricas","status":"publish","type":"page","link":"https:\/\/sempiengenharia.com.br\/?page_id=158","title":{"rendered":"NR10 \u2013 Prontuario das Instala\u00e7\u00f5es El\u00e9tricas"},"content":{"rendered":"<p><strong>Servi\u00e7o de elabora\u00e7\u00e3o\u00a0 do Prontu\u00e1rio El\u00e9trico e estrutura\u00e7\u00e3o do Sistema de Gest\u00e3o de Seguran\u00e7a El\u00e9trica<\/strong><\/p>\n<p>Servi\u00e7o de Engenharia El\u00e9trica e de Seguran\u00e7a do Trabalho para diagnosticar os requisitos NR10 e realizar um levantamento de dados para elabora\u00e7\u00e3o do Prontu\u00e1rio El\u00e9trico.<\/p>\n<p>Apesar de ser legalmente aceit\u00e1vel que o Prontu\u00e1rio El\u00e9trico seja organizado na forma de uma pasta ou gaveta de um arm\u00e1rio, reunindo-se a documenta\u00e7\u00e3o necess\u00e1ria, a SEMPI\u00a0prop\u00f5e um modelo alternativo de Prontu\u00e1rio El\u00e9trico para uma eficiente Sistema de Gest\u00e3o da Seguran\u00e7a na \u00c1rea El\u00e9trica<\/p>\n<p>O modelo da SEMPI\u00a0\u00e9 um Sistema de Gest\u00e3o da NR10 que define metas, organize informa\u00e7\u00f5es, aponte riscos e medidas de controle, mapeie atividades e procedimentos, estabele\u00e7a responsabilidades, forne\u00e7a informa\u00e7\u00f5es sobre as instala\u00e7\u00f5es el\u00e9tricas, especifique equipamentos de prote\u00e7\u00e3o, defina prioridades nas adequa\u00e7\u00f5es, enfim, forne\u00e7a aos interessados todas as informa\u00e7\u00f5es e padr\u00f5es de conduta necess\u00e1rias a preserva\u00e7\u00e3o da integridade f\u00edsica dos trabalhadores.<\/p>\n<p>Para compor o PIE, os seguintes documentos \/ servi\u00e7os s\u00e3o necess\u00e1rios:<\/p>\n<p><strong>a \u2013 Prontu\u00e1rio\u00a0<strong>das Instala\u00e7\u00f5es El\u00e9tricas<\/strong>:\u00a0<\/strong><\/p>\n<p>O Prontu\u00e1rio El\u00e9trico propriamente dito, constitu\u00eddo de uma ou mais pastas contendo \u00edndice, an\u00e1lises de riscos, especifica\u00e7\u00f5es de EPI e Ferramentas, Instru\u00e7\u00f5es diversas, documentos de comprova\u00e7\u00e3o, etc, de forma did\u00e1tica e organizada.<\/p>\n<p><strong>b \u2013 Laudo T\u00e9cnico das Instala\u00e7\u00f5es El\u00e9tricas (Laudo El\u00e9trico \/ Laudo NR10)<\/strong><strong>:<\/strong><\/p>\n<p>Relat\u00f3rio que contempla os aspectos t\u00e9cnicos das instala\u00e7\u00f5es el\u00e9tricas com a\u00a0 inspe\u00e7\u00e3o das instala\u00e7\u00f5es el\u00e9tricas, realiza\u00e7\u00e3o de ensaios n\u00e3o destrutivos, an\u00e1lise da documenta\u00e7\u00e3o e emiss\u00e3o do Relat\u00f3rio, segundo as recomenda\u00e7\u00f5es da NBR 5410:2004 \/ 60079 \/ 14.039 e NR10. O Laudo das Instala\u00e7\u00f5es El\u00e9tricas \u00e9 uma das partes integrante do RTI \u2013 Relat\u00f3rio T\u00e9cnico de Inspe\u00e7\u00f5es.<\/p>\n<p><strong>c \u2013 Diagn\u00f3stico NR10<\/strong><strong>:<\/strong><\/p>\n<p>Relat\u00f3rio com os resultados do diagn\u00f3stico do sistema de gest\u00e3o da seguran\u00e7a el\u00e9trica da empresa com a finalidade de verificar o grau de implementa\u00e7\u00e3o dos requisitos da NR 10.\u00a0 Este servi\u00e7o\u00a0 contempla os aspectos administrativos e procedimentos de seguran\u00e7a, apontando as\u00a0 n\u00e3o-conformidades e um plano de a\u00e7\u00e3o para adequa\u00e7\u00e3o.\u00a0O Diagn\u00f3stico NR10 \u00e9 outra parte integrante do\u00a0RTI \u2013 Relat\u00f3rio T\u00e9cnico de Inspe\u00e7\u00f5es<\/p>\n<p><strong>d \u2013 Laudo T\u00e9cnico do SPDA \/ Sistema de Aterramento<\/strong><strong>:<\/strong><\/p>\n<p>Relat\u00f3rio com os resultados da an\u00e1lise dos Projetos, inspe\u00e7\u00e3o visual dos elementos do sistema de aterramento \/ SPDA e medi\u00e7\u00e3o de resist\u00eancia de Terra \/ continuidade das malhas segundo as recomenda\u00e7\u00f5es da NBR 5419 e NR10.<\/p>\n<p><strong>e \u2013 Laudo de Estimativa de Energia Incidente e defini\u00e7\u00e3o da ATPV<\/strong><strong>:<\/strong><\/p>\n<p>Relat\u00f3rio com os resultados dos levantamento de dados em campo, an\u00e1lise dos projetos el\u00e9tricos e estudos de prote\u00e7\u00e3o \/ seletividade e c\u00e1lculos estimativos do potencial de\u00a0 energia incidentes nos principais pontos das instala\u00e7\u00f5es el\u00e9tricas, com o fim de\u00a0 definir o ATPV necess\u00e1rios para os EPI (item 10.2.9.2).<\/p>\n<p><strong>f \u2013 Procedimentos de Trabalho NR10:\u00a0<\/strong><\/p>\n<p>Servi\u00e7o de mapeamento das atividades de execu\u00e7\u00e3o de servi\u00e7os el\u00e9tricos e gest\u00e3o da manuten\u00e7\u00e3o el\u00e9trica, levantamento dos campos de aplica\u00e7\u00e3o e\u00a0 responsabilidades, e elabora\u00e7\u00e3o dos procedimentos segundo a NR10<\/p>\n<p><strong>g \u2013 Laudo de Periculosidade em Eletricidade \u2013 Anexo IV NR 16:\u00a0<\/strong><\/p>\n<p>Servi\u00e7o de mapeamento de riscos e medidas de controle, \u00a0an\u00e1lise das atividades realizadas pelos trabalhadores em eletricidade, \u00a0diagn\u00f3stico do grau de periculosidade da instala\u00e7\u00e3o el\u00e9trica perante a NR16, recomenda\u00e7\u00f5es para mitiga\u00e7\u00e3o da periculosidade e emiss\u00e3o de Laudo conclusivo<\/p>\n","protected":false},"excerpt":{"rendered":"<p>Servi\u00e7o de elabora\u00e7\u00e3o\u00a0 do Prontu\u00e1rio El\u00e9trico e estrutura\u00e7\u00e3o do Sistema de Gest\u00e3o de Seguran\u00e7a El\u00e9trica Servi\u00e7o de Engenharia El\u00e9trica e de Seguran\u00e7a do Trabalho para diagnosticar os requisitos NR10 e realizar um levantamento de dados para elabora\u00e7\u00e3o do Prontu\u00e1rio El\u00e9trico. Apesar de ser legalmente aceit\u00e1vel que o Prontu\u00e1rio El\u00e9trico seja organizado na forma de uma [&hellip;]<\/p>\n","protected":false},"author":1,"featured_media":0,"parent":0,"menu_order":0,"comment_status":"closed","ping_status":"closed","template":"","meta":{"footnotes":""},"class_list":["post-158","page","type-page","status-publish","hentry"],"aioseo_notices":[],"_links":{"self":[{"href":"https:\/\/sempiengenharia.com.br\/index.php?rest_route=\/wp\/v2\/pages\/158","targetHints":{"allow":["GET"]}}],"collection":[{"href":"https:\/\/sempiengenharia.com.br\/index.php?rest_route=\/wp\/v2\/pages"}],"about":[{"href":"https:\/\/sempiengenharia.com.br\/index.php?rest_route=\/wp\/v2\/types\/page"}],"author":[{"embeddable":true,"href":"https:\/\/sempiengenharia.com.br\/index.php?rest_route=\/wp\/v2\/users\/1"}],"replies":[{"embeddable":true,"href":"https:\/\/sempiengenharia.com.br\/index.php?rest_route=%2Fwp%2Fv2%2Fcomments&post=158"}],"version-history":[{"count":1,"href":"https:\/\/sempiengenharia.com.br\/index.php?rest_route=\/wp\/v2\/pages\/158\/revisions"}],"predecessor-version":[{"id":159,"href":"https:\/\/sempiengenharia.com.br\/index.php?rest_route=\/wp\/v2\/pages\/158\/revisions\/159"}],"wp:attachment":[{"href":"https:\/\/sempiengenharia.com.br\/index.php?rest_route=%2Fwp%2Fv2%2Fmedia&parent=158"}],"curies":[{"name":"wp","href":"https:\/\/api.w.org\/{rel}","templated":true}]}}