{"id":177,"date":"2017-03-12T13:32:05","date_gmt":"2017-03-12T13:32:05","guid":{"rendered":"https:\/\/sempiengenharia.com.br\/?page_id=177"},"modified":"2017-05-26T03:03:24","modified_gmt":"2017-05-26T03:03:24","slug":"analise-termografica","status":"publish","type":"page","link":"https:\/\/sempiengenharia.com.br\/?page_id=177","title":{"rendered":"Termografia Industrial El\u00e9ctrica"},"content":{"rendered":"<p><img loading=\"lazy\" decoding=\"async\" class=\"alignnone wp-image-182 alignright\" src=\"https:\/\/sempiengenharia.com.br\/wp-content\/uploads\/2017\/03\/FLUKE_VT04_02-300x202.png\" alt=\"FLUKE_VT04_02\" width=\"509\" height=\"343\" srcset=\"https:\/\/sempiengenharia.com.br\/wp-content\/uploads\/2017\/03\/FLUKE_VT04_02-300x202.png 300w, https:\/\/sempiengenharia.com.br\/wp-content\/uploads\/2017\/03\/FLUKE_VT04_02-768x517.png 768w, https:\/\/sempiengenharia.com.br\/wp-content\/uploads\/2017\/03\/FLUKE_VT04_02-1024x690.png 1024w, https:\/\/sempiengenharia.com.br\/wp-content\/uploads\/2017\/03\/FLUKE_VT04_02.png 1560w\" sizes=\"auto, (max-width: 509px) 100vw, 509px\" \/>Dispondo dos mais modernos equipamentos de termografia e contando com larga experi\u00eancia de seus profissionais oferece a seus clientes:<\/p>\n<p>Determina\u00e7\u00e3o de Pontos de Aquecimento em Instala\u00e7\u00f5es El\u00e9tricas<\/p>\n<div id=\"destaque\">\n<div id=\"destimg\">\n<p>Em Instala\u00e7\u00f5es El\u00e9tricas:<\/p>\n<div class=\"txtwhite3\">&#8211; Pain\u00e9is e Cub\u00edculos;<\/div>\n<div class=\"txtwhite3\">&#8211; Cabos e Conex\u00f5es;<br \/>\n&#8211; Barramentos;<\/div>\n<div class=\"txtwhite3\">&#8211; Subesta\u00e7\u00f5es.<br \/>\n&#8211; M\u00e1quinas;<br \/>\n&#8211; Transformadores;<\/div>\n<\/div>\n<\/div>\n<div class=\"txtwhite3\"><\/div>\n<div id=\"destaque\">\n<div id=\"destimg\">\n<p>&nbsp;<\/p>\n<h3>Principais Vantagens da Termografia:<\/h3>\n<p>&#8211; Possibilita a an\u00e1lise visual de imagens com suas respectivas temperaturas;<br \/>\n&#8211; Determina\u00e7\u00e3o de problemas iminentes em sistemas el\u00e9tricos e mec\u00e2nicos;<br \/>\n&#8211; Possibilita a an\u00e1lise de \u00e1reas de dif\u00edcil acesso ou de alto risco;<br \/>\n&#8211; \u00c9 um m\u00e9todo de teste n\u00e3o destrutivo, pois n\u00e3o h\u00e1 contado direto com o sistema medido;<br \/>\n&#8211; N\u00e3o \u00e9 necess\u00e1rio alto n\u00edvel de ilumina\u00e7\u00e3o no local para a tomada de imagens.<\/p>\n<p>A inspe\u00e7\u00e3o por termografia avalia o estado de normalidade do funcionamento do equipamento de acordo com a natureza deste. Assim, alguns equipamentos el\u00e9tricos e eletr\u00f4nicos em opera\u00e7\u00e3o apresentam algum tipo de aquecimento natural, de acordo com seu projeto, caracter\u00edsticas construtivas e carga no instante da inspe\u00e7\u00e3o. Alguns equipamentos como colunas de isoladores, p\u00e1ra-raios, buchas de transformadores e as muflas devem ter perfis t\u00e9rmicos em seu estado normal baseados em crit\u00e9rios pr\u00e9-definidos.<br \/>\nNeste sentido, a aplica\u00e7\u00e3o da inspe\u00e7\u00e3o termogr\u00e1fica em equipamentos el\u00e9tricos \u00e9 capaz de apresentar os seguintes benef\u00edcios:<\/p>\n<p>\u2022 <b><i>Manuten\u00e7\u00e3o preditiva:<\/i><\/b> permitem prevenir danos que possam causar elevados custos nos reparos.<br \/>\n\u2022 <b><i>Estoques:<\/i><\/b> preven\u00e7\u00e3o de problemas em potencial permite menor investimento na estocagem;<br \/>\n\u2022 <b><i>Consumo de Energia:<\/i><\/b> permite corrigir problemas que causam perda e consumo de energia em excesso; todo sobreaquecimento gera consumo anormal.<br \/>\n\u2022 <b><i>Tempo:<\/i><\/b> inspe\u00e7\u00e3o de uma grande quantidade de equipamentos em menor per\u00edodo de tempo;<br \/>\n\u2022 <b><i>Avalia\u00e7\u00e3o de cargas nos pain\u00e9is:<\/i><\/b> simplifica\u00e7\u00e3o do diagnostico durante o funcionamento do equipamento.<br \/>\n\u2022 <b><i>Apoio \u00e0 equipe de manuten\u00e7\u00e3o:<\/i><\/b> avalia\u00e7\u00e3o da qualidade de servi\u00e7os executados.<br \/>\n\u2022 <b><i>Planejamento:<\/i><\/b> permite um pr\u00e9vio planejamento antes da conclus\u00e3o do servi\u00e7o otimizando tempo.<br \/>\n\u2022 <b><i>Vida \u00fatil:<\/i><\/b> ao detectar o problema, evita-se a queima ou perda desnecess\u00e1ria de dispositivos.<\/p>\n<p>O equipamento utilizado para realizar a aquisi\u00e7\u00e3o dos termogramas neste trabalho chama-se Termovisor ele \u00e9 capaz de produzir uma imagem destacando o perfil t\u00e9rmico de um componente, possibilitando detec\u00e7\u00e3o de qualquer aquecimento anormal, fora do padr\u00e3o t\u00e9rmico do objeto. Para especificar em termos de custo e desempenho um termovisor apropriado para uma determinada aplica\u00e7\u00e3o \u00e9 importante o conhecimento de certas defini\u00e7\u00f5es t\u00e9cnicas utilizadas na \u00e1rea de termografia.<\/p>\n<h3><\/h3>\n<\/div>\n<\/div>\n","protected":false},"excerpt":{"rendered":"<p>Dispondo dos mais modernos equipamentos de termografia e contando com larga experi\u00eancia de seus profissionais oferece a seus clientes: Determina\u00e7\u00e3o de Pontos de Aquecimento em Instala\u00e7\u00f5es El\u00e9tricas Em Instala\u00e7\u00f5es El\u00e9tricas: &#8211; Pain\u00e9is e Cub\u00edculos; &#8211; Cabos e Conex\u00f5es; &#8211; Barramentos; &#8211; Subesta\u00e7\u00f5es. &#8211; M\u00e1quinas; &#8211; Transformadores; &nbsp; Principais Vantagens da Termografia: &#8211; Possibilita a an\u00e1lise [&hellip;]<\/p>\n","protected":false},"author":1,"featured_media":0,"parent":0,"menu_order":0,"comment_status":"closed","ping_status":"closed","template":"","meta":{"footnotes":""},"class_list":["post-177","page","type-page","status-publish","hentry"],"aioseo_notices":[],"_links":{"self":[{"href":"https:\/\/sempiengenharia.com.br\/index.php?rest_route=\/wp\/v2\/pages\/177","targetHints":{"allow":["GET"]}}],"collection":[{"href":"https:\/\/sempiengenharia.com.br\/index.php?rest_route=\/wp\/v2\/pages"}],"about":[{"href":"https:\/\/sempiengenharia.com.br\/index.php?rest_route=\/wp\/v2\/types\/page"}],"author":[{"embeddable":true,"href":"https:\/\/sempiengenharia.com.br\/index.php?rest_route=\/wp\/v2\/users\/1"}],"replies":[{"embeddable":true,"href":"https:\/\/sempiengenharia.com.br\/index.php?rest_route=%2Fwp%2Fv2%2Fcomments&post=177"}],"version-history":[{"count":11,"href":"https:\/\/sempiengenharia.com.br\/index.php?rest_route=\/wp\/v2\/pages\/177\/revisions"}],"predecessor-version":[{"id":238,"href":"https:\/\/sempiengenharia.com.br\/index.php?rest_route=\/wp\/v2\/pages\/177\/revisions\/238"}],"wp:attachment":[{"href":"https:\/\/sempiengenharia.com.br\/index.php?rest_route=%2Fwp%2Fv2%2Fmedia&parent=177"}],"curies":[{"name":"wp","href":"https:\/\/api.w.org\/{rel}","templated":true}]}}