{"id":197,"date":"2017-06-27T19:55:55","date_gmt":"2017-06-27T19:55:55","guid":{"rendered":"https:\/\/sempiengenharia.com.br\/?page_id=197"},"modified":"2023-10-01T21:03:35","modified_gmt":"2023-10-01T21:03:35","slug":"clientes","status":"publish","type":"page","link":"https:\/\/sempiengenharia.com.br\/?page_id=197","title":{"rendered":"Clientes"},"content":{"rendered":"<h4 style=\"text-align: center;\">Uma empresa n\u00e3o se define pelo seu nome, estatuto ou produto que faz; ela se define pela sua miss\u00e3o.<\/h4>\n<h4 style=\"text-align: center;\">Somente uma defini\u00e7\u00e3o clara da miss\u00e3o \u00e9 raz\u00e3o da exist\u00eancia da organiza\u00e7\u00e3o e torna poss\u00edveis, claros e realistas os objetivos de nossos clientes.<\/h4>\n<p>&nbsp;<\/p>\n<h3 style=\"text-align: center;\"><\/h3>\n<h3 style=\"text-align: center;\"><img loading=\"lazy\" decoding=\"async\" class=\"alignnone wp-image-260 size-medium\" title=\"Com\u00e9rcio de Moveis e Artigos Para Decora\u00e7\u00e3o S.A.\" src=\"https:\/\/sempiengenharia.com.br\/wp-content\/uploads\/2017\/05\/etna-300x130.png\" width=\"300\" height=\"130\" srcset=\"https:\/\/sempiengenharia.com.br\/wp-content\/uploads\/2017\/05\/etna-300x130.png 300w, https:\/\/sempiengenharia.com.br\/wp-content\/uploads\/2017\/05\/etna.png 463w\" sizes=\"auto, (max-width: 300px) 100vw, 300px\" \/>\u00a0<img loading=\"lazy\" decoding=\"async\" class=\"alignnone size-medium wp-image-264\" src=\"https:\/\/sempiengenharia.com.br\/wp-content\/uploads\/2017\/06\/ype-1-300x129.png\" alt=\"ype\" width=\"300\" height=\"129\" srcset=\"https:\/\/sempiengenharia.com.br\/wp-content\/uploads\/2017\/06\/ype-1-300x129.png 300w, https:\/\/sempiengenharia.com.br\/wp-content\/uploads\/2017\/06\/ype-1.png 541w\" sizes=\"auto, (max-width: 300px) 100vw, 300px\" \/>\u00a0<img loading=\"lazy\" decoding=\"async\" class=\"alignnone size-medium wp-image-265\" src=\"https:\/\/sempiengenharia.com.br\/wp-content\/uploads\/2017\/06\/azzure-300x129.png\" alt=\"azzure\" width=\"300\" height=\"129\" srcset=\"https:\/\/sempiengenharia.com.br\/wp-content\/uploads\/2017\/06\/azzure-300x129.png 300w, https:\/\/sempiengenharia.com.br\/wp-content\/uploads\/2017\/06\/azzure.png 541w\" sizes=\"auto, (max-width: 300px) 100vw, 300px\" \/><\/h3>\n<h3 style=\"text-align: center;\"><img loading=\"lazy\" decoding=\"async\" class=\"alignnone size-medium wp-image-266\" src=\"https:\/\/sempiengenharia.com.br\/wp-content\/uploads\/2017\/06\/ttsteel-300x129.png\" alt=\"ttsteel\" width=\"300\" height=\"129\" srcset=\"https:\/\/sempiengenharia.com.br\/wp-content\/uploads\/2017\/06\/ttsteel-300x129.png 300w, https:\/\/sempiengenharia.com.br\/wp-content\/uploads\/2017\/06\/ttsteel.png 541w\" sizes=\"auto, (max-width: 300px) 100vw, 300px\" \/>\u00a0<img loading=\"lazy\" decoding=\"async\" class=\"alignnone size-medium wp-image-267\" src=\"https:\/\/sempiengenharia.com.br\/wp-content\/uploads\/2017\/06\/smt-300x129.png\" alt=\"smt\" width=\"300\" height=\"129\" srcset=\"https:\/\/sempiengenharia.com.br\/wp-content\/uploads\/2017\/06\/smt-300x129.png 300w, https:\/\/sempiengenharia.com.br\/wp-content\/uploads\/2017\/06\/smt.png 541w\" sizes=\"auto, (max-width: 300px) 100vw, 300px\" \/>\u00a0<img loading=\"lazy\" decoding=\"async\" class=\"alignnone size-medium wp-image-268\" src=\"https:\/\/sempiengenharia.com.br\/wp-content\/uploads\/2017\/06\/maxion-300x129.png\" alt=\"maxion\" width=\"300\" height=\"129\" srcset=\"https:\/\/sempiengenharia.com.br\/wp-content\/uploads\/2017\/06\/maxion-300x129.png 300w, https:\/\/sempiengenharia.com.br\/wp-content\/uploads\/2017\/06\/maxion.png 541w\" sizes=\"auto, (max-width: 300px) 100vw, 300px\" \/><\/h3>\n<h3 style=\"text-align: center;\"><img loading=\"lazy\" decoding=\"async\" class=\"alignnone size-medium wp-image-269\" src=\"https:\/\/sempiengenharia.com.br\/wp-content\/uploads\/2017\/06\/tvtem-300x129.png\" alt=\"tvtem\" width=\"300\" height=\"129\" srcset=\"https:\/\/sempiengenharia.com.br\/wp-content\/uploads\/2017\/06\/tvtem-300x129.png 300w, https:\/\/sempiengenharia.com.br\/wp-content\/uploads\/2017\/06\/tvtem.png 541w\" sizes=\"auto, (max-width: 300px) 100vw, 300px\" \/>\u00a0<img loading=\"lazy\" decoding=\"async\" class=\"alignnone size-medium wp-image-270\" src=\"https:\/\/sempiengenharia.com.br\/wp-content\/uploads\/2017\/06\/moura-300x129.png\" alt=\"moura\" width=\"300\" height=\"129\" srcset=\"https:\/\/sempiengenharia.com.br\/wp-content\/uploads\/2017\/06\/moura-300x129.png 300w, https:\/\/sempiengenharia.com.br\/wp-content\/uploads\/2017\/06\/moura.png 541w\" sizes=\"auto, (max-width: 300px) 100vw, 300px\" \/>\u00a0<img loading=\"lazy\" decoding=\"async\" class=\"alignnone size-medium wp-image-271\" src=\"https:\/\/sempiengenharia.com.br\/wp-content\/uploads\/2017\/06\/supremo-300x129.png\" alt=\"supremo\" width=\"300\" height=\"129\" srcset=\"https:\/\/sempiengenharia.com.br\/wp-content\/uploads\/2017\/06\/supremo-300x129.png 300w, https:\/\/sempiengenharia.com.br\/wp-content\/uploads\/2017\/06\/supremo.png 541w\" sizes=\"auto, (max-width: 300px) 100vw, 300px\" \/><\/h3>\n<h3 style=\"text-align: center;\"><img loading=\"lazy\" decoding=\"async\" class=\"alignnone size-medium wp-image-272\" src=\"https:\/\/sempiengenharia.com.br\/wp-content\/uploads\/2017\/06\/vli-300x129.png\" alt=\"vli\" width=\"300\" height=\"129\" srcset=\"https:\/\/sempiengenharia.com.br\/wp-content\/uploads\/2017\/06\/vli-300x129.png 300w, https:\/\/sempiengenharia.com.br\/wp-content\/uploads\/2017\/06\/vli.png 541w\" sizes=\"auto, (max-width: 300px) 100vw, 300px\" \/>\u00a0<img loading=\"lazy\" decoding=\"async\" class=\"alignnone size-medium wp-image-273\" src=\"https:\/\/sempiengenharia.com.br\/wp-content\/uploads\/2017\/06\/intercement-300x129.png\" alt=\"intercement\" width=\"300\" height=\"129\" srcset=\"https:\/\/sempiengenharia.com.br\/wp-content\/uploads\/2017\/06\/intercement-300x129.png 300w, https:\/\/sempiengenharia.com.br\/wp-content\/uploads\/2017\/06\/intercement.png 541w\" sizes=\"auto, (max-width: 300px) 100vw, 300px\" \/>\u00a0<img loading=\"lazy\" decoding=\"async\" class=\"alignnone size-medium wp-image-274\" src=\"https:\/\/sempiengenharia.com.br\/wp-content\/uploads\/2017\/06\/wg-300x129.png\" alt=\"wg\" width=\"300\" height=\"129\" srcset=\"https:\/\/sempiengenharia.com.br\/wp-content\/uploads\/2017\/06\/wg-300x129.png 300w, https:\/\/sempiengenharia.com.br\/wp-content\/uploads\/2017\/06\/wg.png 541w\" sizes=\"auto, (max-width: 300px) 100vw, 300px\" \/>\u00a0<img loading=\"lazy\" decoding=\"async\" class=\"alignnone size-medium wp-image-275\" src=\"https:\/\/sempiengenharia.com.br\/wp-content\/uploads\/2017\/06\/sabo-300x129.png\" alt=\"sabo\" width=\"300\" height=\"129\" srcset=\"https:\/\/sempiengenharia.com.br\/wp-content\/uploads\/2017\/06\/sabo-300x129.png 300w, https:\/\/sempiengenharia.com.br\/wp-content\/uploads\/2017\/06\/sabo.png 541w\" sizes=\"auto, (max-width: 300px) 100vw, 300px\" \/>\u00a0<img loading=\"lazy\" decoding=\"async\" class=\"alignnone size-medium wp-image-276\" src=\"https:\/\/sempiengenharia.com.br\/wp-content\/uploads\/2017\/06\/saint-gobain-300x129.png\" alt=\"saint-gobain\" width=\"300\" height=\"129\" srcset=\"https:\/\/sempiengenharia.com.br\/wp-content\/uploads\/2017\/06\/saint-gobain-300x129.png 300w, https:\/\/sempiengenharia.com.br\/wp-content\/uploads\/2017\/06\/saint-gobain.png 541w\" sizes=\"auto, (max-width: 300px) 100vw, 300px\" \/>\u00a0<img loading=\"lazy\" decoding=\"async\" class=\"alignnone size-medium wp-image-277\" src=\"https:\/\/sempiengenharia.com.br\/wp-content\/uploads\/2017\/06\/essencis-300x129.png\" alt=\"essencis\" width=\"300\" height=\"129\" srcset=\"https:\/\/sempiengenharia.com.br\/wp-content\/uploads\/2017\/06\/essencis-300x129.png 300w, https:\/\/sempiengenharia.com.br\/wp-content\/uploads\/2017\/06\/essencis.png 541w\" sizes=\"auto, (max-width: 300px) 100vw, 300px\" \/><\/h3>\n<h3 style=\"text-align: center;\"><img loading=\"lazy\" decoding=\"async\" class=\"alignnone size-medium wp-image-278\" src=\"https:\/\/sempiengenharia.com.br\/wp-content\/uploads\/2017\/06\/tetrapack-300x129.png\" alt=\"tetrapack\" width=\"300\" height=\"129\" srcset=\"https:\/\/sempiengenharia.com.br\/wp-content\/uploads\/2017\/06\/tetrapack-300x129.png 300w, https:\/\/sempiengenharia.com.br\/wp-content\/uploads\/2017\/06\/tetrapack.png 541w\" sizes=\"auto, (max-width: 300px) 100vw, 300px\" \/>\u00a0<img loading=\"lazy\" decoding=\"async\" class=\"alignnone size-medium wp-image-279\" src=\"https:\/\/sempiengenharia.com.br\/wp-content\/uploads\/2017\/06\/ezentis-300x129.png\" alt=\"ezentis\" width=\"300\" height=\"129\" srcset=\"https:\/\/sempiengenharia.com.br\/wp-content\/uploads\/2017\/06\/ezentis-300x129.png 300w, https:\/\/sempiengenharia.com.br\/wp-content\/uploads\/2017\/06\/ezentis.png 541w\" sizes=\"auto, (max-width: 300px) 100vw, 300px\" \/>\u00a0<img loading=\"lazy\" decoding=\"async\" class=\"alignnone size-medium wp-image-280\" src=\"https:\/\/sempiengenharia.com.br\/wp-content\/uploads\/2017\/06\/saraiva-300x129.png\" alt=\"saraiva\" width=\"300\" height=\"129\" srcset=\"https:\/\/sempiengenharia.com.br\/wp-content\/uploads\/2017\/06\/saraiva-300x129.png 300w, https:\/\/sempiengenharia.com.br\/wp-content\/uploads\/2017\/06\/saraiva.png 541w\" sizes=\"auto, (max-width: 300px) 100vw, 300px\" \/><\/h3>\n<h3 style=\"text-align: center;\"><img loading=\"lazy\" decoding=\"async\" class=\"alignnone size-medium wp-image-281\" src=\"https:\/\/sempiengenharia.com.br\/wp-content\/uploads\/2017\/06\/heat-300x129.png\" alt=\"heat\" width=\"300\" height=\"129\" srcset=\"https:\/\/sempiengenharia.com.br\/wp-content\/uploads\/2017\/06\/heat-300x129.png 300w, https:\/\/sempiengenharia.com.br\/wp-content\/uploads\/2017\/06\/heat.png 541w\" sizes=\"auto, (max-width: 300px) 100vw, 300px\" \/>\u00a0<img loading=\"lazy\" decoding=\"async\" class=\"alignnone size-medium wp-image-282\" src=\"https:\/\/sempiengenharia.com.br\/wp-content\/uploads\/2017\/06\/sci-300x129.png\" alt=\"sci\" width=\"300\" height=\"129\" srcset=\"https:\/\/sempiengenharia.com.br\/wp-content\/uploads\/2017\/06\/sci-300x129.png 300w, https:\/\/sempiengenharia.com.br\/wp-content\/uploads\/2017\/06\/sci.png 541w\" sizes=\"auto, (max-width: 300px) 100vw, 300px\" \/>\u00a0<img loading=\"lazy\" decoding=\"async\" class=\"alignnone size-medium wp-image-283\" src=\"https:\/\/sempiengenharia.com.br\/wp-content\/uploads\/2017\/06\/hsl-300x129.png\" alt=\"hsl\" width=\"300\" height=\"129\" srcset=\"https:\/\/sempiengenharia.com.br\/wp-content\/uploads\/2017\/06\/hsl-300x129.png 300w, https:\/\/sempiengenharia.com.br\/wp-content\/uploads\/2017\/06\/hsl.png 541w\" sizes=\"auto, (max-width: 300px) 100vw, 300px\" \/><\/h3>\n<h3 style=\"text-align: center;\"><img loading=\"lazy\" decoding=\"async\" class=\"alignnone size-medium wp-image-442\" src=\"https:\/\/sempiengenharia.com.br\/wp-content\/uploads\/2017\/06\/eaton-300x130-300x130.png\" alt=\"eaton-300x130\" width=\"300\" height=\"130\" \/><img loading=\"lazy\" decoding=\"async\" class=\"alignnone size-medium wp-image-443\" src=\"https:\/\/sempiengenharia.com.br\/wp-content\/uploads\/2017\/06\/tilibra-300x130-300x130.png\" alt=\"tilibra-300x130\" width=\"300\" height=\"130\" \/><img loading=\"lazy\" decoding=\"async\" class=\"alignnone size-medium wp-image-444\" src=\"https:\/\/sempiengenharia.com.br\/wp-content\/uploads\/2017\/06\/kit-300x130-300x130.png\" alt=\"kit-300x130\" width=\"300\" height=\"130\" \/><img loading=\"lazy\" decoding=\"async\" class=\"alignnone size-medium wp-image-445\" src=\"https:\/\/sempiengenharia.com.br\/wp-content\/uploads\/2017\/06\/hita-300x130-300x130.png\" alt=\"hita-300x130\" width=\"300\" height=\"130\" \/><img loading=\"lazy\" decoding=\"async\" class=\"alignnone size-full wp-image-446\" src=\"https:\/\/sempiengenharia.com.br\/wp-content\/uploads\/2017\/06\/hon-300x130.png\" alt=\"hon-300x130\" width=\"299\" height=\"130\" \/>.<\/h3>\n<h3 style=\"text-align: center;\"><\/h3>\n<p>&nbsp;<\/p>\n<p>&nbsp;<\/p>\n<p>&nbsp;<\/p>\n<p>&nbsp;<\/p>\n<p>&nbsp;<\/p>\n<p>&nbsp;<\/p>\n","protected":false},"excerpt":{"rendered":"<p>Uma empresa n\u00e3o se define pelo seu nome, estatuto ou produto que faz; ela se define pela sua miss\u00e3o. Somente uma defini\u00e7\u00e3o clara da miss\u00e3o \u00e9 raz\u00e3o da exist\u00eancia da organiza\u00e7\u00e3o e torna poss\u00edveis, claros e realistas os objetivos de nossos clientes. &nbsp; \u00a0\u00a0 \u00a0\u00a0 \u00a0\u00a0 \u00a0\u00a0\u00a0\u00a0\u00a0 \u00a0\u00a0 \u00a0\u00a0 . &nbsp; &nbsp; &nbsp; &nbsp; &nbsp; [&hellip;]<\/p>\n","protected":false},"author":1,"featured_media":20,"parent":0,"menu_order":0,"comment_status":"closed","ping_status":"closed","template":"","meta":{"footnotes":""},"class_list":["post-197","page","type-page","status-publish","has-post-thumbnail","hentry"],"aioseo_notices":[],"_links":{"self":[{"href":"https:\/\/sempiengenharia.com.br\/index.php?rest_route=\/wp\/v2\/pages\/197","targetHints":{"allow":["GET"]}}],"collection":[{"href":"https:\/\/sempiengenharia.com.br\/index.php?rest_route=\/wp\/v2\/pages"}],"about":[{"href":"https:\/\/sempiengenharia.com.br\/index.php?rest_route=\/wp\/v2\/types\/page"}],"author":[{"embeddable":true,"href":"https:\/\/sempiengenharia.com.br\/index.php?rest_route=\/wp\/v2\/users\/1"}],"replies":[{"embeddable":true,"href":"https:\/\/sempiengenharia.com.br\/index.php?rest_route=%2Fwp%2Fv2%2Fcomments&post=197"}],"version-history":[{"count":28,"href":"https:\/\/sempiengenharia.com.br\/index.php?rest_route=\/wp\/v2\/pages\/197\/revisions"}],"predecessor-version":[{"id":447,"href":"https:\/\/sempiengenharia.com.br\/index.php?rest_route=\/wp\/v2\/pages\/197\/revisions\/447"}],"wp:featuredmedia":[{"embeddable":true,"href":"https:\/\/sempiengenharia.com.br\/index.php?rest_route=\/wp\/v2\/media\/20"}],"wp:attachment":[{"href":"https:\/\/sempiengenharia.com.br\/index.php?rest_route=%2Fwp%2Fv2%2Fmedia&parent=197"}],"curies":[{"name":"wp","href":"https:\/\/api.w.org\/{rel}","templated":true}]}}