{"id":234,"date":"2017-06-27T18:45:30","date_gmt":"2017-06-27T18:45:30","guid":{"rendered":"https:\/\/sempiengenharia.com.br\/?page_id=234"},"modified":"2017-06-27T19:08:59","modified_gmt":"2017-06-27T19:08:59","slug":"contato","status":"publish","type":"page","link":"https:\/\/sempiengenharia.com.br\/?page_id=234","title":{"rendered":"Entre em contato"},"content":{"rendered":"<p>Utilize este espa\u00e7o para enviar sua sugest\u00e3o ou entrar em contato com a SEMPI.<img loading=\"lazy\" decoding=\"async\" class=\" wp-image-254 alignright\" src=\"https:\/\/sempiengenharia.com.br\/wp-content\/uploads\/2017\/06\/Suporte-300x150.png\" alt=\"Suporte\" width=\"490\" height=\"245\" srcset=\"https:\/\/sempiengenharia.com.br\/wp-content\/uploads\/2017\/06\/Suporte-300x150.png 300w, https:\/\/sempiengenharia.com.br\/wp-content\/uploads\/2017\/06\/Suporte-768x384.png 768w, https:\/\/sempiengenharia.com.br\/wp-content\/uploads\/2017\/06\/Suporte-1024x512.png 1024w, https:\/\/sempiengenharia.com.br\/wp-content\/uploads\/2017\/06\/Suporte-600x300.png 600w, https:\/\/sempiengenharia.com.br\/wp-content\/uploads\/2017\/06\/Suporte-400x200.png 400w, https:\/\/sempiengenharia.com.br\/wp-content\/uploads\/2017\/06\/Suporte.png 1200w\" sizes=\"auto, (max-width: 490px) 100vw, 490px\" \/><br \/>\nN\u00e3o esque\u00e7a de preencher todos os campos para que possamos retornar sua mensagem.<\/p>\n<p>HOR\u00c1RIO DE ATENDIMENTO<\/p>\n<p>Segunda a Sexta<br \/>\ndas 8h \u00e0s 18h<\/p>\n<p>Tel: (15) 3021-3641<br \/>\nsempi@sempiengenharia.com.br<br \/>\nRua Cel. Felix Esteves Junior, 250 \u2013 Ipanema Ville<br \/>\nCEP: 18071-061 \u2013 Sorocaba \u2013 SP<\/p>\n<p style=\"text-align: center;\"><span style=\"color: #ff0000;\">Assist\u00eancia 24 Horas Cel: (15) 9.9798-8298<\/span><\/p>\n\n\n<div\n\t\tclass=\"pirate_forms_container widget-no\"\n\t\tid=\"pirate_forms_container_default\">\n\t<!-- header -->\n\t\n\t<!-- thank you -->\n\t\n\t<div class=\"pirate_forms_wrap\">\n\t\t<!-- errors -->\n\t\t\n\t\t<!-- form -->\n\t\t\n\t\t<form\n\t\t\t\tmethod=\"post\"\n\t\t\t\tenctype=\"application\/x-www-form-urlencoded\"\n\t\t\t\tclass=\"pirate_forms  form_honeypot-on wordpress-nonce-on pirate-forms-contact-name-on pirate-forms-contact-email-on pirate-forms-contact-subject-on pirate-forms-contact-message-on pirate-forms-contact-submit-on pirate_forms_from_form-on\"\n\t\t\t\t\t>\n\t\t\t<div class=\"pirate_forms_three_inputs_wrap \">\n\t\t\t\t\n\n<div class=\"col-xs-12 pirate_forms_three_inputs form_field_wrap contact_name_wrap col-xs-12 col-sm-6 contact_name_wrap pirate_forms_three_inputs form_field_wrap\">\n\t\t<input\n\t\t\ttype=\"text\"\n\t\t\tclass=\"form-control\" id=\"pirate-forms-contact-name\" name=\"pirate-forms-contact-name\" class=\"\" placeholder=\"Nome\" required oninvalid=\"this.setCustomValidity('Entre com seu Nome')\" onchange=\"this.setCustomValidity('')\" value=\"\" >\n<\/div>\n\n\n<div class=\"col-xs-12 pirate_forms_three_inputs form_field_wrap contact_email_wrap col-xs-12 col-sm-6 contact_email_wrap pirate_forms_three_inputs form_field_wrap\">\n\t\t<input type=\"email\" class=\"form-control\" id=\"pirate-forms-contact-email\" name=\"pirate-forms-contact-email\" class=\"\" placeholder=\"E-mail\" required oninvalid=\"this.setCustomValidity('Insira um e-mail Valido')\" onchange=\"this.setCustomValidity('')\" value=\"\">\n<\/div>\n\n\n<div class=\"col-xs-12 pirate_forms_three_inputs form_field_wrap contact_subject_wrap col-xs-12 contact_subject_wrap pirate_forms_three_inputs form_field_wrap\">\n\t\t<input\n\t\t\ttype=\"text\"\n\t\t\tclass=\"form-control\" id=\"pirate-forms-contact-subject\" name=\"pirate-forms-contact-subject\" class=\"\" placeholder=\"Assunto\" required oninvalid=\"this.setCustomValidity('Indique um assunto')\" onchange=\"this.setCustomValidity('')\" value=\"\" >\n<\/div>\n\t\t\t<\/div>\n\n\t\t\t\n\n<div class=\"col-xs-12 form_field_wrap contact_message_wrap col-xs-12 contact_message_wrap pirate_forms_three_inputs form_field_wrap\">\n\t\t<textarea\n\t\t\trows=\"5\" cols=\"30\"\n\t\t\tclass=\"form-control\" id=\"pirate-forms-contact-message\" name=\"pirate-forms-contact-message\" class=\"\" placeholder=\"Escreva sua Mensagem\" required oninvalid=\"this.setCustomValidity('Adicione um Coment\u00e1rio ou Critica')\" onchange=\"this.setCustomValidity('')\" ><\/textarea>\n<\/div>\n\n\n<div class=\"col-xs-12 form_field_wrap contact_submit_wrap\">\n\t<button type=\"submit\" class=\"pirate-forms-submit-button btn btn-primary \" id=\"pirate-forms-contact-submit\" name=\"pirate-forms-contact-submit\" class=\"pirate-forms-submit-button btn btn-primary \" placeholder=\"\" >Enviar Mensagem<\/button>\n<\/div>\n<input type=\"hidden\" id=\"pirate_forms_ajax\" name=\"pirate_forms_ajax\" class=\"\" placeholder=\"\"  value=\"0\"><div class=\"form_field_wrap hidden\" style=\"display: none\"><input type=\"text\" id=\"form_honeypot\" name=\"honeypot\" class=\"\" placeholder=\"\"  value=\"\"><\/div><input type=\"hidden\" id=\"pirate_forms_from_widget\" name=\"pirate_forms_from_widget\" class=\"\" placeholder=\"\"  value=\"0\"><input type=\"hidden\" id=\"wordpress-nonce\" name=\"wordpress-nonce\" class=\"\" placeholder=\"\"  value=\"5becd729d7\"><input type=\"hidden\" id=\"pirate_forms_from_form\" name=\"pirate_forms_from_form\" class=\"\" placeholder=\"\"  value=\"a10f31a5df\">\t\t<\/form>\n\n\t\t\n\t\t<div class=\"pirate_forms_clearfix\"><\/div>\n\t<\/div>\n\n\t<!-- footer -->\n\t<\/div>\n\n<p>&nbsp;<\/p>\n","protected":false},"excerpt":{"rendered":"<p>Utilize este espa\u00e7o para enviar sua sugest\u00e3o ou entrar em contato com a SEMPI. N\u00e3o esque\u00e7a de preencher todos os campos para que possamos retornar sua mensagem. HOR\u00c1RIO DE ATENDIMENTO Segunda a Sexta das 8h \u00e0s 18h Tel: (15) 3021-3641 sempi@sempiengenharia.com.br Rua Cel. Felix Esteves Junior, 250 \u2013 Ipanema Ville CEP: 18071-061 \u2013 Sorocaba \u2013 [&hellip;]<\/p>\n","protected":false},"author":1,"featured_media":0,"parent":0,"menu_order":0,"comment_status":"closed","ping_status":"closed","template":"","meta":{"footnotes":""},"class_list":["post-234","page","type-page","status-publish","hentry"],"aioseo_notices":[],"_links":{"self":[{"href":"https:\/\/sempiengenharia.com.br\/index.php?rest_route=\/wp\/v2\/pages\/234","targetHints":{"allow":["GET"]}}],"collection":[{"href":"https:\/\/sempiengenharia.com.br\/index.php?rest_route=\/wp\/v2\/pages"}],"about":[{"href":"https:\/\/sempiengenharia.com.br\/index.php?rest_route=\/wp\/v2\/types\/page"}],"author":[{"embeddable":true,"href":"https:\/\/sempiengenharia.com.br\/index.php?rest_route=\/wp\/v2\/users\/1"}],"replies":[{"embeddable":true,"href":"https:\/\/sempiengenharia.com.br\/index.php?rest_route=%2Fwp%2Fv2%2Fcomments&post=234"}],"version-history":[{"count":10,"href":"https:\/\/sempiengenharia.com.br\/index.php?rest_route=\/wp\/v2\/pages\/234\/revisions"}],"predecessor-version":[{"id":258,"href":"https:\/\/sempiengenharia.com.br\/index.php?rest_route=\/wp\/v2\/pages\/234\/revisions\/258"}],"wp:attachment":[{"href":"https:\/\/sempiengenharia.com.br\/index.php?rest_route=%2Fwp%2Fv2%2Fmedia&parent=234"}],"curies":[{"name":"wp","href":"https:\/\/api.w.org\/{rel}","templated":true}]}}