{"id":28,"date":"2017-02-19T21:53:39","date_gmt":"2017-02-19T21:53:39","guid":{"rendered":"https:\/\/sempiengenharia.com.br\/?page_id=28"},"modified":"2017-05-05T02:55:02","modified_gmt":"2017-05-05T02:55:02","slug":"servicos","status":"publish","type":"page","link":"https:\/\/sempiengenharia.com.br\/?page_id=28","title":{"rendered":"Nossos Servi\u00e7os"},"content":{"rendered":"<ul>\n<li>\n<h4><span style=\"color: #000000;\"><a style=\"color: #000000;\" href=\"https:\/\/sempiengenharia.com.br\/?page_id=83\">Cabine e Subesta\u00e7\u00e3o de Energia El\u00e9trica<\/a><\/span><\/h4>\n<\/li>\n<li>\n<h4>Diagn\u00f3sticos de Sistemas El\u00e9tricos Industriais<\/h4>\n<\/li>\n<li>\n<h4><span style=\"color: #000000;\"><a style=\"color: #000000;\" href=\"https:\/\/sempiengenharia.com.br\/?page_id=88\">Corre\u00e7\u00e3o do Fator de Pot\u00eancia<\/a><\/span><\/h4>\n<\/li>\n<li>\n<h4><span style=\"color: #000000;\"><a style=\"color: #000000;\" href=\"https:\/\/sempiengenharia.com.br\/?page_id=95\">Reforma de Instala\u00e7\u00f5es El\u00e9tricas e Prediais<\/a><\/span><\/h4>\n<\/li>\n<li>\n<h4><span style=\"color: #000000;\"><a class=\"row-title\" style=\"color: #000000;\" href=\"https:\/\/sempiengenharia.com.br\/?page_id=56\">Retrofitting em Quadros e Pain\u00e9is El\u00e9tricos<\/a><\/span><\/h4>\n<\/li>\n<li>\n<h4><span style=\"color: #000000;\"><a style=\"color: #000000;\" href=\"https:\/\/sempiengenharia.com.br\/?page_id=98\">Gerenciamento de Energia El\u00e9trica<\/a><\/span><\/h4>\n<\/li>\n<li>\n<h4><span style=\"color: #000000;\"><a style=\"color: #000000;\" href=\"https:\/\/sempiengenharia.com.br\/?page_id=111\">Automa\u00e7\u00e3o Industrial<\/a><\/span><\/h4>\n<\/li>\n<li>\n<h4><span style=\"color: #000000;\"><a style=\"color: #000000;\" href=\"https:\/\/sempiengenharia.com.br\/?page_id=116\">Montagens de pain\u00e9is de Automa\u00e7\u00e3o<\/a><\/span><\/h4>\n<\/li>\n<li>\n<h4><span style=\"color: #000000;\"><a style=\"color: #000000;\" href=\"https:\/\/sempiengenharia.com.br\/?page_id=41\">Montagens de pain\u00e9is de\u00a0Comando<\/a><\/span><\/h4>\n<\/li>\n<li>\n<h4><span style=\"color: #000000;\"><a style=\"color: #000000;\" href=\"https:\/\/sempiengenharia.com.br\/?page_id=43\">Montagens de pain\u00e9is de\u00a0El\u00e9trico<\/a><\/span><\/h4>\n<\/li>\n<li>\n<h4><span style=\"color: #000000;\"><a style=\"color: #000000;\" href=\"https:\/\/sempiengenharia.com.br\/?page_id=31\">Quadros de Distribui\u00e7\u00e3o<\/a><\/span><\/h4>\n<\/li>\n<li>\n<h4><span style=\"color: #000000;\"><a style=\"color: #000000;\" href=\"https:\/\/sempiengenharia.com.br\/?page_id=45\">Montagem Industriais<\/a><\/span><\/h4>\n<\/li>\n<li>\n<h4>Economia de Energia El\u00e9trico<\/h4>\n<\/li>\n<li>\n<h4><span style=\"color: #000000;\"><a style=\"color: #000000;\" href=\"https:\/\/sempiengenharia.com.br\/?page_id=177\">An\u00e1lise Termogr\u00e1fica<\/a><\/span><\/h4>\n<\/li>\n<li>\n<h4><span style=\"color: #000000;\"><a style=\"color: #000000;\" href=\"https:\/\/sempiengenharia.com.br\/?page_id=154\">Laudo T\u00e9cnico para Cr\u00e9dito de ICMS<\/a><\/span><\/h4>\n<\/li>\n<li>\n<h4>Laudo de NR-10<\/h4>\n<\/li>\n<li>\n<h4><span style=\"color: #000000;\"><a style=\"color: #000000;\" href=\"https:\/\/sempiengenharia.com.br\/?page_id=158\">NR10 \u2013 Prontuario das Instala\u00e7\u00f5es El\u00e9tricas<\/a><\/span><\/h4>\n<\/li>\n<li>\n<h4>SPDA \u2013\u00a0Laudos de Aterramentos<\/h4>\n<\/li>\n<li>\n<h4><span style=\"color: #000000;\"><a style=\"color: #000000;\" href=\"https:\/\/sempiengenharia.com.br\/adequacao-a-nr10-e-nr12\/\">Adequa\u00e7\u00e3o a NR10 e NR12<\/a><\/span><\/h4>\n<\/li>\n<\/ul>\n<p>&nbsp;<\/p>\n<p>&nbsp;<\/p>\n","protected":false},"excerpt":{"rendered":"<p>Cabine e Subesta\u00e7\u00e3o de Energia El\u00e9trica Diagn\u00f3sticos de Sistemas El\u00e9tricos Industriais Corre\u00e7\u00e3o do Fator de Pot\u00eancia Reforma de Instala\u00e7\u00f5es El\u00e9tricas e Prediais Retrofitting em Quadros e Pain\u00e9is El\u00e9tricos Gerenciamento de Energia El\u00e9trica Automa\u00e7\u00e3o Industrial Montagens de pain\u00e9is de Automa\u00e7\u00e3o Montagens de pain\u00e9is de\u00a0Comando Montagens de pain\u00e9is de\u00a0El\u00e9trico Quadros de Distribui\u00e7\u00e3o Montagem Industriais Economia de Energia [&hellip;]<\/p>\n","protected":false},"author":1,"featured_media":0,"parent":0,"menu_order":0,"comment_status":"closed","ping_status":"closed","template":"","meta":{"footnotes":""},"class_list":["post-28","page","type-page","status-publish","hentry"],"aioseo_notices":[],"_links":{"self":[{"href":"https:\/\/sempiengenharia.com.br\/index.php?rest_route=\/wp\/v2\/pages\/28","targetHints":{"allow":["GET"]}}],"collection":[{"href":"https:\/\/sempiengenharia.com.br\/index.php?rest_route=\/wp\/v2\/pages"}],"about":[{"href":"https:\/\/sempiengenharia.com.br\/index.php?rest_route=\/wp\/v2\/types\/page"}],"author":[{"embeddable":true,"href":"https:\/\/sempiengenharia.com.br\/index.php?rest_route=\/wp\/v2\/users\/1"}],"replies":[{"embeddable":true,"href":"https:\/\/sempiengenharia.com.br\/index.php?rest_route=%2Fwp%2Fv2%2Fcomments&post=28"}],"version-history":[{"count":32,"href":"https:\/\/sempiengenharia.com.br\/index.php?rest_route=\/wp\/v2\/pages\/28\/revisions"}],"predecessor-version":[{"id":233,"href":"https:\/\/sempiengenharia.com.br\/index.php?rest_route=\/wp\/v2\/pages\/28\/revisions\/233"}],"wp:attachment":[{"href":"https:\/\/sempiengenharia.com.br\/index.php?rest_route=%2Fwp%2Fv2%2Fmedia&parent=28"}],"curies":[{"name":"wp","href":"https:\/\/api.w.org\/{rel}","templated":true}]}}