{"id":31,"date":"2017-02-19T21:59:52","date_gmt":"2017-02-19T21:59:52","guid":{"rendered":"https:\/\/sempiengenharia.com.br\/?page_id=31"},"modified":"2017-03-11T05:07:15","modified_gmt":"2017-03-11T05:07:15","slug":"quadros-de-distribuicao","status":"publish","type":"page","link":"https:\/\/sempiengenharia.com.br\/?page_id=31","title":{"rendered":"Quadros de Distribui\u00e7\u00e3o"},"content":{"rendered":"<p>Os Quadros de Distribui\u00e7\u00e3o s\u00e3o desenvolvidos e constru\u00eddos dentro dos mais rigorosos crit\u00e9rios de engenharia e atendimento as normas t\u00e9cnicas NR10, NBR5410 e NBR-IEC60439-1. As caixas de montagem tem constru\u00e7\u00e3o em corpo \u00fanico, soldado, com flanges superior e\/ou inferior remov\u00edvel, s\u00e3o montadas de forma atender os requisitos de uma manuten\u00e7\u00e3o eficiente, possibilitando a substitui\u00e7\u00e3o r\u00e1pida dos componentes com completa seguran\u00e7a operacional.<br \/>\nCaracter\u00edsticas t\u00e9cnicas<\/p>\n<ul>\n<li>Estrutura, portas e placas de montagens: chapa #16 MSG (outras sob consulta);<\/li>\n<li>Acabamento das superf\u00edcies: pintura eletrost\u00e1tica a p\u00f3Rall 7032 Padr\u00e3o (outras sob consulta);<\/li>\n<li>Barramentos opcionais: prateado, estanhado, pintado ou com termoencolh\u00edvel (sob consulta);<\/li>\n<li>Grau de prote\u00e7\u00e3o: IP-4x ou IP-5x, outras sob consulta;<\/li>\n<li>Uso abrigado\/ao tempo;<\/li>\n<\/ul>\n<p>Aplica\u00e7\u00f5es t\u00e9cnicas<\/p>\n<ul>\n<li>Quadro de distribui\u00e7\u00e3o de for\u00e7a<\/li>\n<li>Quadro de distribui\u00e7\u00e3o de ilumina\u00e7\u00e3o<\/li>\n<li>Quadro de comando e controle<\/li>\n<li>Quadro de prote\u00e7\u00e3o<\/li>\n<li>Quadro de m\u00e1quinas de solda<\/li>\n<li>Quadro geral de baixa tens\u00e3o QGBT<\/li>\n<\/ul>\n","protected":false},"excerpt":{"rendered":"<p>Os Quadros de Distribui\u00e7\u00e3o s\u00e3o desenvolvidos e constru\u00eddos dentro dos mais rigorosos crit\u00e9rios de engenharia e atendimento as normas t\u00e9cnicas NR10, NBR5410 e NBR-IEC60439-1. As caixas de montagem tem constru\u00e7\u00e3o em corpo \u00fanico, soldado, com flanges superior e\/ou inferior remov\u00edvel, s\u00e3o montadas de forma atender os requisitos de uma manuten\u00e7\u00e3o eficiente, possibilitando a substitui\u00e7\u00e3o r\u00e1pida [&hellip;]<\/p>\n","protected":false},"author":1,"featured_media":0,"parent":0,"menu_order":0,"comment_status":"closed","ping_status":"closed","template":"","meta":{"footnotes":""},"class_list":["post-31","page","type-page","status-publish","hentry"],"aioseo_notices":[],"_links":{"self":[{"href":"https:\/\/sempiengenharia.com.br\/index.php?rest_route=\/wp\/v2\/pages\/31","targetHints":{"allow":["GET"]}}],"collection":[{"href":"https:\/\/sempiengenharia.com.br\/index.php?rest_route=\/wp\/v2\/pages"}],"about":[{"href":"https:\/\/sempiengenharia.com.br\/index.php?rest_route=\/wp\/v2\/types\/page"}],"author":[{"embeddable":true,"href":"https:\/\/sempiengenharia.com.br\/index.php?rest_route=\/wp\/v2\/users\/1"}],"replies":[{"embeddable":true,"href":"https:\/\/sempiengenharia.com.br\/index.php?rest_route=%2Fwp%2Fv2%2Fcomments&post=31"}],"version-history":[{"count":2,"href":"https:\/\/sempiengenharia.com.br\/index.php?rest_route=\/wp\/v2\/pages\/31\/revisions"}],"predecessor-version":[{"id":152,"href":"https:\/\/sempiengenharia.com.br\/index.php?rest_route=\/wp\/v2\/pages\/31\/revisions\/152"}],"wp:attachment":[{"href":"https:\/\/sempiengenharia.com.br\/index.php?rest_route=%2Fwp%2Fv2%2Fmedia&parent=31"}],"curies":[{"name":"wp","href":"https:\/\/api.w.org\/{rel}","templated":true}]}}