{"id":318,"date":"2017-09-29T18:53:05","date_gmt":"2017-09-29T18:53:05","guid":{"rendered":"https:\/\/sempiengenharia.com.br\/?page_id=318"},"modified":"2017-09-29T19:18:08","modified_gmt":"2017-09-29T19:18:08","slug":"mao-de-obra-especializada","status":"publish","type":"page","link":"https:\/\/sempiengenharia.com.br\/?page_id=318","title":{"rendered":"M\u00e3o de Obra Especializada, Terceiriza\u00e7\u00e3o de M\u00e3o de Obra, , M\u00e3o de Obra Tempor\u00e1ria"},"content":{"rendered":"<h2 style=\"text-align: left;\"><!--more--><\/h2>\n<h4><img loading=\"lazy\" decoding=\"async\" class=\"size-medium wp-image-322 alignright\" src=\"https:\/\/sempiengenharia.com.br\/wp-content\/uploads\/2017\/09\/mao-obra-temporaria1-300x225.jpg\" alt=\"mao-obra-temporaria1\" width=\"300\" height=\"225\" srcset=\"https:\/\/sempiengenharia.com.br\/wp-content\/uploads\/2017\/09\/mao-obra-temporaria1-300x225.jpg 300w, https:\/\/sempiengenharia.com.br\/wp-content\/uploads\/2017\/09\/mao-obra-temporaria1-285x214.jpg 285w, https:\/\/sempiengenharia.com.br\/wp-content\/uploads\/2017\/09\/mao-obra-temporaria1.jpg 406w\" sizes=\"auto, (max-width: 300px) 100vw, 300px\" \/>Como resolver os aumentos de demanda sazonais ou cobrir afastamentos?Precisa maior rapidez, flexibilidade e efic\u00e1cia na contrata\u00e7\u00e3o?N\u00f3s cuidamos do recrutamento e sele\u00e7\u00e3o, da contrata\u00e7\u00e3o e da disponibiliza\u00e7\u00e3o do profissional na sua empresa de acordo com o perfil exigido.<\/h4>\n<p>&nbsp;<\/p>\n<ul>\n<li>Se interessou por nossos servi\u00e7os?<\/li>\n<li>Tem alguma d\u00favida t\u00e9cnica ou espec\u00edfica em que podemos ajudar?<\/li>\n<\/ul>\n<p>Agende Uma Visita<\/p>\n<h3>\u00a0\n\n<div\n\t\tclass=\"pirate_forms_container widget-no\"\n\t\tid=\"pirate_forms_container_default\">\n\t<!-- header -->\n\t\n\t<!-- thank you -->\n\t\n\t<div class=\"pirate_forms_wrap\">\n\t\t<!-- errors -->\n\t\t\n\t\t<!-- form -->\n\t\t\n\t\t<form\n\t\t\t\tmethod=\"post\"\n\t\t\t\tenctype=\"application\/x-www-form-urlencoded\"\n\t\t\t\tclass=\"pirate_forms  form_honeypot-on wordpress-nonce-on pirate-forms-contact-name-on pirate-forms-contact-email-on pirate-forms-contact-subject-on pirate-forms-contact-message-on pirate-forms-contact-submit-on pirate_forms_from_form-on\"\n\t\t\t\t\t>\n\t\t\t<div class=\"pirate_forms_three_inputs_wrap \">\n\t\t\t\t\n\n<div class=\"col-xs-12 pirate_forms_three_inputs form_field_wrap contact_name_wrap col-xs-12 col-sm-6 contact_name_wrap pirate_forms_three_inputs form_field_wrap\">\n\t\t<input\n\t\t\ttype=\"text\"\n\t\t\tclass=\"form-control\" id=\"pirate-forms-contact-name\" name=\"pirate-forms-contact-name\" class=\"\" placeholder=\"Nome\" required oninvalid=\"this.setCustomValidity('Entre com seu Nome')\" onchange=\"this.setCustomValidity('')\" value=\"\" >\n<\/div>\n\n\n<div class=\"col-xs-12 pirate_forms_three_inputs form_field_wrap contact_email_wrap col-xs-12 col-sm-6 contact_email_wrap pirate_forms_three_inputs form_field_wrap\">\n\t\t<input type=\"email\" class=\"form-control\" id=\"pirate-forms-contact-email\" name=\"pirate-forms-contact-email\" class=\"\" placeholder=\"E-mail\" required oninvalid=\"this.setCustomValidity('Insira um e-mail Valido')\" onchange=\"this.setCustomValidity('')\" value=\"\">\n<\/div>\n\n\n<div class=\"col-xs-12 pirate_forms_three_inputs form_field_wrap contact_subject_wrap col-xs-12 contact_subject_wrap pirate_forms_three_inputs form_field_wrap\">\n\t\t<input\n\t\t\ttype=\"text\"\n\t\t\tclass=\"form-control\" id=\"pirate-forms-contact-subject\" name=\"pirate-forms-contact-subject\" class=\"\" placeholder=\"Assunto\" required oninvalid=\"this.setCustomValidity('Indique um assunto')\" onchange=\"this.setCustomValidity('')\" value=\"\" >\n<\/div>\n\t\t\t<\/div>\n\n\t\t\t\n\n<div class=\"col-xs-12 form_field_wrap contact_message_wrap col-xs-12 contact_message_wrap pirate_forms_three_inputs form_field_wrap\">\n\t\t<textarea\n\t\t\trows=\"5\" cols=\"30\"\n\t\t\tclass=\"form-control\" id=\"pirate-forms-contact-message\" name=\"pirate-forms-contact-message\" class=\"\" placeholder=\"Escreva sua Mensagem\" required oninvalid=\"this.setCustomValidity('Adicione um Coment\u00e1rio ou Critica')\" onchange=\"this.setCustomValidity('')\" ><\/textarea>\n<\/div>\n\n\n<div class=\"col-xs-12 form_field_wrap contact_submit_wrap\">\n\t<button type=\"submit\" class=\"pirate-forms-submit-button btn btn-primary \" id=\"pirate-forms-contact-submit\" name=\"pirate-forms-contact-submit\" class=\"pirate-forms-submit-button btn btn-primary \" placeholder=\"\" >Enviar Mensagem<\/button>\n<\/div>\n<input type=\"hidden\" id=\"pirate_forms_ajax\" name=\"pirate_forms_ajax\" class=\"\" placeholder=\"\"  value=\"0\"><div class=\"form_field_wrap hidden\" style=\"display: none\"><input type=\"text\" id=\"form_honeypot\" name=\"honeypot\" class=\"\" placeholder=\"\"  value=\"\"><\/div><input type=\"hidden\" id=\"pirate_forms_from_widget\" name=\"pirate_forms_from_widget\" class=\"\" placeholder=\"\"  value=\"0\"><input type=\"hidden\" id=\"wordpress-nonce\" name=\"wordpress-nonce\" class=\"\" placeholder=\"\"  value=\"55addd6d4a\"><input type=\"hidden\" id=\"pirate_forms_from_form\" name=\"pirate_forms_from_form\" class=\"\" placeholder=\"\"  value=\"2e6557287a\">\t\t<\/form>\n\n\t\t\n\t\t<div class=\"pirate_forms_clearfix\"><\/div>\n\t<\/div>\n\n\t<!-- footer -->\n\t<\/div>\n<\/h3>\n","protected":false},"excerpt":{"rendered":"","protected":false},"author":1,"featured_media":322,"parent":0,"menu_order":0,"comment_status":"closed","ping_status":"closed","template":"","meta":{"footnotes":""},"class_list":["post-318","page","type-page","status-publish","has-post-thumbnail","hentry"],"aioseo_notices":[],"_links":{"self":[{"href":"https:\/\/sempiengenharia.com.br\/index.php?rest_route=\/wp\/v2\/pages\/318","targetHints":{"allow":["GET"]}}],"collection":[{"href":"https:\/\/sempiengenharia.com.br\/index.php?rest_route=\/wp\/v2\/pages"}],"about":[{"href":"https:\/\/sempiengenharia.com.br\/index.php?rest_route=\/wp\/v2\/types\/page"}],"author":[{"embeddable":true,"href":"https:\/\/sempiengenharia.com.br\/index.php?rest_route=\/wp\/v2\/users\/1"}],"replies":[{"embeddable":true,"href":"https:\/\/sempiengenharia.com.br\/index.php?rest_route=%2Fwp%2Fv2%2Fcomments&post=318"}],"version-history":[{"count":15,"href":"https:\/\/sempiengenharia.com.br\/index.php?rest_route=\/wp\/v2\/pages\/318\/revisions"}],"predecessor-version":[{"id":339,"href":"https:\/\/sempiengenharia.com.br\/index.php?rest_route=\/wp\/v2\/pages\/318\/revisions\/339"}],"wp:featuredmedia":[{"embeddable":true,"href":"https:\/\/sempiengenharia.com.br\/index.php?rest_route=\/wp\/v2\/media\/322"}],"wp:attachment":[{"href":"https:\/\/sempiengenharia.com.br\/index.php?rest_route=%2Fwp%2Fv2%2Fmedia&parent=318"}],"curies":[{"name":"wp","href":"https:\/\/api.w.org\/{rel}","templated":true}]}}