{"id":41,"date":"2017-02-19T22:04:21","date_gmt":"2017-02-19T22:04:21","guid":{"rendered":"https:\/\/sempiengenharia.com.br\/?page_id=41"},"modified":"2017-03-11T04:54:55","modified_gmt":"2017-03-11T04:54:55","slug":"painel-de-comando-e-controle","status":"publish","type":"page","link":"https:\/\/sempiengenharia.com.br\/?page_id=41","title":{"rendered":"Painel de Comando e Controle"},"content":{"rendered":"<blockquote><p><img loading=\"lazy\" decoding=\"async\" class=\"alignnone size-medium wp-image-141 alignright\" src=\"https:\/\/sempiengenharia.com.br\/wp-content\/uploads\/2017\/02\/10-42-18_FLEXLINK__PAINEL_MONDELEZ_7-300x200.jpg\" alt=\"10-42-18_FLEXLINK__PAINEL_MONDELEZ_7\" width=\"300\" height=\"200\" srcset=\"https:\/\/sempiengenharia.com.br\/wp-content\/uploads\/2017\/02\/10-42-18_FLEXLINK__PAINEL_MONDELEZ_7-300x200.jpg 300w, https:\/\/sempiengenharia.com.br\/wp-content\/uploads\/2017\/02\/10-42-18_FLEXLINK__PAINEL_MONDELEZ_7-768x512.jpg 768w, https:\/\/sempiengenharia.com.br\/wp-content\/uploads\/2017\/02\/10-42-18_FLEXLINK__PAINEL_MONDELEZ_7-1024x683.jpg 1024w, https:\/\/sempiengenharia.com.br\/wp-content\/uploads\/2017\/02\/10-42-18_FLEXLINK__PAINEL_MONDELEZ_7-750x500.jpg 750w, https:\/\/sempiengenharia.com.br\/wp-content\/uploads\/2017\/02\/10-42-18_FLEXLINK__PAINEL_MONDELEZ_7.jpg 1200w\" sizes=\"auto, (max-width: 300px) 100vw, 300px\" \/>Os pain\u00e9is de comando e controle da SEMPI\u00a0s\u00e3o desenvolvidos dentro dos mais rigorosos crit\u00e9rios de engenharia e atendimento as normas t\u00e9cnicas NR10, NBR5410 e NBR-IEC 60439, em estrutura aparafusada ou monobloco (estrutura soldada), com placa de montagem remov\u00edvel, porta frontal e tampa traseira.<\/p>\n<p>Os pain\u00e9is de controle de sincroniza\u00e7\u00e3o\/paralelo incluem as prote\u00e7\u00f5es do motor e do alternador, bem como todas as fun\u00e7\u00f5es para a sincroniza\u00e7\u00e3o e a divis\u00e3o de carga para opera\u00e7\u00f5es de paralelo entre v\u00e1rios grupos geradores. Al\u00e9m disso, incluindo as prote\u00e7\u00f5es de corrente e regula\u00e7\u00e3o AVR, este tipo de painel de controle pode ser usado mesmo para a aplica\u00e7\u00e3o de sincroniza\u00e7\u00e3o\/paralelo \u00e0 rede el\u00e9trica.<\/p>\n<p><strong>Aplica\u00e7\u00f5es<\/strong><\/p>\n<ul>\n<li>Painel de controle de turbina (PNTU);<\/li>\n<li>Painel de controle de gerador (PNPE);<\/li>\n<li>Painel de controle e sincronismo (PNCS);<\/li>\n<\/ul>\n<p><strong>Caracter\u00edsticas T\u00e9cnicas<\/strong><\/p>\n<ul>\n<li>Grau de prote\u00e7\u00e3o IP-4x(abrigado) e IP-5x(ao tempo);<\/li>\n<li>Frequ\u00eancia de Opera\u00e7\u00e3o: 50-60Hz;<\/li>\n<li>Tens\u00e3o de Opera\u00e7\u00e3o: 110\/220 Vca at\u00e9 250Vcc.<\/li>\n<\/ul>\n<p><strong>Principais seguimentos de utiliza\u00e7\u00e3o dos pain\u00e9is:<\/strong><\/p>\n<ul>\n<li>Shopping centers<\/li>\n<li>Aeroportos<\/li>\n<li>Hot\u00e9is<\/li>\n<li>Centros comerciais<\/li>\n<li>Esta\u00e7\u00f5es de tratamento de \u00e1gua<\/li>\n<li>Esta\u00e7\u00f5es de tratamento de esgoto<\/li>\n<li>Usinas sucroalcooleiras<\/li>\n<li>Ind\u00fastrias aliment\u00edcias<\/li>\n<li>Ind\u00fastrias qu\u00edmicas e petroqu\u00edmicas<\/li>\n<\/ul>\n<\/blockquote>\n","protected":false},"excerpt":{"rendered":"<p>Os pain\u00e9is de comando e controle da SEMPI\u00a0s\u00e3o desenvolvidos dentro dos mais rigorosos crit\u00e9rios de engenharia e atendimento as normas t\u00e9cnicas NR10, NBR5410 e NBR-IEC 60439, em estrutura aparafusada ou monobloco (estrutura soldada), com placa de montagem remov\u00edvel, porta frontal e tampa traseira. Os pain\u00e9is de controle de sincroniza\u00e7\u00e3o\/paralelo incluem as prote\u00e7\u00f5es do motor e [&hellip;]<\/p>\n","protected":false},"author":1,"featured_media":0,"parent":0,"menu_order":0,"comment_status":"closed","ping_status":"closed","template":"","meta":{"footnotes":""},"class_list":["post-41","page","type-page","status-publish","hentry"],"aioseo_notices":[],"_links":{"self":[{"href":"https:\/\/sempiengenharia.com.br\/index.php?rest_route=\/wp\/v2\/pages\/41","targetHints":{"allow":["GET"]}}],"collection":[{"href":"https:\/\/sempiengenharia.com.br\/index.php?rest_route=\/wp\/v2\/pages"}],"about":[{"href":"https:\/\/sempiengenharia.com.br\/index.php?rest_route=\/wp\/v2\/types\/page"}],"author":[{"embeddable":true,"href":"https:\/\/sempiengenharia.com.br\/index.php?rest_route=\/wp\/v2\/users\/1"}],"replies":[{"embeddable":true,"href":"https:\/\/sempiengenharia.com.br\/index.php?rest_route=%2Fwp%2Fv2%2Fcomments&post=41"}],"version-history":[{"count":3,"href":"https:\/\/sempiengenharia.com.br\/index.php?rest_route=\/wp\/v2\/pages\/41\/revisions"}],"predecessor-version":[{"id":142,"href":"https:\/\/sempiengenharia.com.br\/index.php?rest_route=\/wp\/v2\/pages\/41\/revisions\/142"}],"wp:attachment":[{"href":"https:\/\/sempiengenharia.com.br\/index.php?rest_route=%2Fwp%2Fv2%2Fmedia&parent=41"}],"curies":[{"name":"wp","href":"https:\/\/api.w.org\/{rel}","templated":true}]}}