{"id":43,"date":"2017-02-19T22:05:08","date_gmt":"2017-02-19T22:05:08","guid":{"rendered":"https:\/\/sempiengenharia.com.br\/?page_id=43"},"modified":"2017-03-11T04:57:17","modified_gmt":"2017-03-11T04:57:17","slug":"projetos-eletricos-e-automacao","status":"publish","type":"page","link":"https:\/\/sempiengenharia.com.br\/?page_id=43","title":{"rendered":"Projetos El\u00e9tricos e Automa\u00e7\u00e3o"},"content":{"rendered":"<p>A SEMPI atua com o desenvolvimento de projetos de instala\u00e7\u00f5es el\u00e9tricas, s\u00e3o desenvolvidos dentro dos mais rigorosos crit\u00e9rios de engenharia e atendimento as normas t\u00e9cnicas NR10, NBR5410 e outra NBR necess\u00e1ria \u00e0 elabora\u00e7\u00e3o dos projetos. Seguindo sempre o avan\u00e7o tecnol\u00f3gico a n\u00edvel nacional e internacional, buscando sempre proporcionar aos seus clientes,solu\u00e7\u00f5es e t\u00e9cnicas visando sempre uma economia durante a execu\u00e7\u00e3o, minimizando ao m\u00e1ximo o custo de manuten\u00e7\u00e3o.<\/p>\n<p>&nbsp;<\/p>\n<ul>\n<li>Balan\u00e7o de cargas &#8211; motores \/ consumidores el\u00e9tricos<\/li>\n<li>Conceitua\u00e7\u00e3o de sistemas \/ diagramas Unifilares<\/li>\n<li>Especifica\u00e7\u00e3o de subesta\u00e7\u00f5es e equipamentos el\u00e9tricos<\/li>\n<li>Classifica\u00e7\u00e3o de \u00e1reas<\/li>\n<li>Projetos de instala\u00e7\u00e3o<\/li>\n<li>For\u00e7a e Controle<\/li>\n<li>Aterramento<\/li>\n<li>SPDA<\/li>\n<li>Ilumina\u00e7\u00e3o<\/li>\n<li>Comunica\u00e7\u00e3o e Telecomunica\u00e7\u00e3o<\/li>\n<\/ul>\n<p>&nbsp;<\/p>\n<p>Os projetos de automa\u00e7\u00e3o\u00a0da SEMPI s\u00e3o desenvolvidos para serem utilizados\u00a0CLPs,\u00a0IHMs,\u00a0Sistemas de Supervis\u00e3o\u00a0e\u00a0integra\u00e7\u00e3o de banco de dados\u00a0do processo corporativo. A empresa trabalha com os principais fabricantes de automa\u00e7\u00e3o industriais, com tecnologia de redes de comunica\u00e7\u00e3o (Ethernet, Profibus, Modbus, AS-i, Fildebus, Can Open, Device Net), seguindo toda a evolu\u00e7\u00e3o de mercado em aquisi\u00e7\u00e3o e disponibiliza\u00e7\u00e3o de dados.<\/p>\n<p>&nbsp;<\/p>\n<p>A SEMPI\u00a0desenvolve projetos de\u00a0automa\u00e7\u00e3o industrial\u00a0para todas as \u00e1reas, e dentre elassiderurgia,\u00a0automobil\u00edstico,\u00a0bebidas,\u00a0aliment\u00edcio,\u00a0eletr\u00f4nico,\u00a0autope\u00e7as,\u00a0montagem,\u00a0pl\u00e1stico,minera\u00e7\u00e3o, metal\u00fargico, celulose e papel,\u00a0usinagem,\u00a0fundi\u00e7\u00e3o,\u00a0qu\u00edmico,\u00a0petroqu\u00edmico, e outros, sempre utilizando equipamentos de \u00faltima gera\u00e7\u00e3o como sistemas de controle, sistemas de pot\u00eancia e sistemas de precis\u00e3o.<\/p>\n","protected":false},"excerpt":{"rendered":"<p>A SEMPI atua com o desenvolvimento de projetos de instala\u00e7\u00f5es el\u00e9tricas, s\u00e3o desenvolvidos dentro dos mais rigorosos crit\u00e9rios de engenharia e atendimento as normas t\u00e9cnicas NR10, NBR5410 e outra NBR necess\u00e1ria \u00e0 elabora\u00e7\u00e3o dos projetos. Seguindo sempre o avan\u00e7o tecnol\u00f3gico a n\u00edvel nacional e internacional, buscando sempre proporcionar aos seus clientes,solu\u00e7\u00f5es e t\u00e9cnicas visando sempre [&hellip;]<\/p>\n","protected":false},"author":1,"featured_media":0,"parent":0,"menu_order":0,"comment_status":"closed","ping_status":"closed","template":"","meta":{"footnotes":""},"class_list":["post-43","page","type-page","status-publish","hentry"],"aioseo_notices":[],"_links":{"self":[{"href":"https:\/\/sempiengenharia.com.br\/index.php?rest_route=\/wp\/v2\/pages\/43","targetHints":{"allow":["GET"]}}],"collection":[{"href":"https:\/\/sempiengenharia.com.br\/index.php?rest_route=\/wp\/v2\/pages"}],"about":[{"href":"https:\/\/sempiengenharia.com.br\/index.php?rest_route=\/wp\/v2\/types\/page"}],"author":[{"embeddable":true,"href":"https:\/\/sempiengenharia.com.br\/index.php?rest_route=\/wp\/v2\/users\/1"}],"replies":[{"embeddable":true,"href":"https:\/\/sempiengenharia.com.br\/index.php?rest_route=%2Fwp%2Fv2%2Fcomments&post=43"}],"version-history":[{"count":2,"href":"https:\/\/sempiengenharia.com.br\/index.php?rest_route=\/wp\/v2\/pages\/43\/revisions"}],"predecessor-version":[{"id":145,"href":"https:\/\/sempiengenharia.com.br\/index.php?rest_route=\/wp\/v2\/pages\/43\/revisions\/145"}],"wp:attachment":[{"href":"https:\/\/sempiengenharia.com.br\/index.php?rest_route=%2Fwp%2Fv2%2Fmedia&parent=43"}],"curies":[{"name":"wp","href":"https:\/\/api.w.org\/{rel}","templated":true}]}}