{"id":439,"date":"2023-10-01T20:39:36","date_gmt":"2023-10-01T20:39:36","guid":{"rendered":"https:\/\/sempiengenharia.com.br\/?page_id=439"},"modified":"2023-10-01T20:39:36","modified_gmt":"2023-10-01T20:39:36","slug":"assistencia-tecnica","status":"publish","type":"page","link":"https:\/\/sempiengenharia.com.br\/?page_id=439","title":{"rendered":"Assist\u00eancia t\u00e9cnica"},"content":{"rendered":"<p>O time de assist\u00eancia t\u00e9cnica da\u00a0<b>SEMPI SERVI\u00c7OS<\/b>\u00a0conta com profissionais altamente capacitados com mais de 15 anos de experi\u00eancia na \u00e1rea de automa\u00e7\u00e3o industrial.<\/p>\n<p>Nossos t\u00e9cnicos est\u00e3o equipados com o que h\u00e1 de mais moderno em termos de ferramentas, instrumentos de medi\u00e7\u00e3o, adaptadores e analisadores port\u00e1teis para realizar atendimento preventivo e emergencial com diagn\u00f3sticos, substitui\u00e7\u00f5es, modifica\u00e7\u00f5es e parametriza\u00e7\u00e3o\u00a0<i>in loco<\/i>.<\/p>\n<div class=\"elementor-element elementor-element-c360acc elementor-widget elementor-widget-text-editor\" data-id=\"c360acc\" data-element_type=\"widget\" data-widget_type=\"text-editor.default\">\n<div class=\"elementor-widget-container\">Assist\u00eancia t\u00e9cnica de qualidade e com pre\u00e7o justo! Trabalhamos com reforma e manuten\u00e7\u00e3o de M\u00e1quinas CNC e Convencionais, garantindo qualidade, responsabilidade e compromisso com nossos clientes.<\/div>\n<\/div>\n<section class=\"elementor-section elementor-inner-section elementor-element elementor-element-01f115f elementor-section-full_width elementor-section-height-default elementor-section-height-default\" data-id=\"01f115f\" data-element_type=\"section\">\n<div class=\"elementor-container elementor-column-gap-no\">\n<div class=\"elementor-column elementor-col-50 elementor-inner-column elementor-element elementor-element-3634421\" data-id=\"3634421\" data-element_type=\"column\">\n<div class=\"elementor-widget-wrap elementor-element-populated\">\n<div class=\"elementor-element elementor-element-6b580ce elementor-icon-list--layout-traditional elementor-list-item-link-full_width elementor-widget elementor-widget-icon-list\" data-id=\"6b580ce\" data-element_type=\"widget\" data-widget_type=\"icon-list.default\">\n<div class=\"elementor-widget-container\">\n<ul class=\"elementor-icon-list-items\">\n<li class=\"elementor-icon-list-item\"><i class=\"far fa-check-circle\"><\/i><span class=\"elementor-icon-list-text\">M\u00e1quina de usinagem<\/span><\/li>\n<li class=\"elementor-icon-list-item\"><i class=\"far fa-check-circle\"><\/i><span class=\"elementor-icon-list-text\">Fresas<\/span><\/li>\n<li class=\"elementor-icon-list-item\"><i class=\"far fa-check-circle\"><\/i><span class=\"elementor-icon-list-text\">Tornos<\/span><\/li>\n<li class=\"elementor-icon-list-item\"><i class=\"far fa-check-circle\"><\/i><span class=\"elementor-icon-list-text\">Ret\u00edficas<\/span><\/li>\n<\/ul>\n<\/div>\n<\/div>\n<\/div>\n<\/div>\n<div class=\"elementor-column elementor-col-50 elementor-inner-column elementor-element elementor-element-6c8a0ab\" data-id=\"6c8a0ab\" data-element_type=\"column\">\n<div class=\"elementor-widget-wrap elementor-element-populated\">\n<div class=\"elementor-element elementor-element-9326db3 elementor-icon-list--layout-traditional elementor-list-item-link-full_width elementor-widget elementor-widget-icon-list\" data-id=\"9326db3\" data-element_type=\"widget\" data-widget_type=\"icon-list.default\">\n<div class=\"elementor-widget-container\">\n<ul class=\"elementor-icon-list-items\">\n<li class=\"elementor-icon-list-item\"><i class=\"far fa-check-circle\"><\/i><span class=\"elementor-icon-list-text\">Tornos CNC<\/span><\/li>\n<li class=\"elementor-icon-list-item\"><i class=\"far fa-check-circle\"><\/i><span class=\"elementor-icon-list-text\">Centro de usinagem<\/span><\/li>\n<li class=\"elementor-icon-list-item\"><i class=\"far fa-check-circle\"><\/i><span class=\"elementor-icon-list-text\">Ret\u00edficas CNC<\/span><\/li>\n<li class=\"elementor-icon-list-item\"><i class=\"far fa-check-circle\"><\/i><span class=\"elementor-icon-list-text\">E muito mais&#8230;<\/span><\/li>\n<\/ul>\n<\/div>\n<\/div>\n<\/div>\n<\/div>\n<\/div>\n<\/section>\n","protected":false},"excerpt":{"rendered":"<p>O time de assist\u00eancia t\u00e9cnica da\u00a0SEMPI SERVI\u00c7OS\u00a0conta com profissionais altamente capacitados com mais de 15 anos de experi\u00eancia na \u00e1rea de automa\u00e7\u00e3o industrial. Nossos t\u00e9cnicos est\u00e3o equipados com o que h\u00e1 de mais moderno em termos de ferramentas, instrumentos de medi\u00e7\u00e3o, adaptadores e analisadores port\u00e1teis para realizar atendimento preventivo e emergencial com diagn\u00f3sticos, substitui\u00e7\u00f5es, modifica\u00e7\u00f5es [&hellip;]<\/p>\n","protected":false},"author":1,"featured_media":0,"parent":0,"menu_order":0,"comment_status":"closed","ping_status":"closed","template":"","meta":{"footnotes":""},"class_list":["post-439","page","type-page","status-publish","hentry"],"aioseo_notices":[],"_links":{"self":[{"href":"https:\/\/sempiengenharia.com.br\/index.php?rest_route=\/wp\/v2\/pages\/439","targetHints":{"allow":["GET"]}}],"collection":[{"href":"https:\/\/sempiengenharia.com.br\/index.php?rest_route=\/wp\/v2\/pages"}],"about":[{"href":"https:\/\/sempiengenharia.com.br\/index.php?rest_route=\/wp\/v2\/types\/page"}],"author":[{"embeddable":true,"href":"https:\/\/sempiengenharia.com.br\/index.php?rest_route=\/wp\/v2\/users\/1"}],"replies":[{"embeddable":true,"href":"https:\/\/sempiengenharia.com.br\/index.php?rest_route=%2Fwp%2Fv2%2Fcomments&post=439"}],"version-history":[{"count":1,"href":"https:\/\/sempiengenharia.com.br\/index.php?rest_route=\/wp\/v2\/pages\/439\/revisions"}],"predecessor-version":[{"id":440,"href":"https:\/\/sempiengenharia.com.br\/index.php?rest_route=\/wp\/v2\/pages\/439\/revisions\/440"}],"wp:attachment":[{"href":"https:\/\/sempiengenharia.com.br\/index.php?rest_route=%2Fwp%2Fv2%2Fmedia&parent=439"}],"curies":[{"name":"wp","href":"https:\/\/api.w.org\/{rel}","templated":true}]}}