{"id":45,"date":"2017-02-19T22:05:54","date_gmt":"2017-02-19T22:05:54","guid":{"rendered":"https:\/\/sempiengenharia.com.br\/?page_id=45"},"modified":"2017-03-11T04:51:05","modified_gmt":"2017-03-11T04:51:05","slug":"montagem-industrial","status":"publish","type":"page","link":"https:\/\/sempiengenharia.com.br\/?page_id=45","title":{"rendered":"Montagem Industrial"},"content":{"rendered":"<p><img loading=\"lazy\" decoding=\"async\" class=\"alignnone size-medium wp-image-60 alignright\" src=\"https:\/\/sempiengenharia.com.br\/wp-content\/uploads\/2017\/02\/inst001-532x500-300x282.png\" alt=\"inst001-532x500\" width=\"300\" height=\"282\" srcset=\"https:\/\/sempiengenharia.com.br\/wp-content\/uploads\/2017\/02\/inst001-532x500-300x282.png 300w, https:\/\/sempiengenharia.com.br\/wp-content\/uploads\/2017\/02\/inst001-532x500.png 532w\" sizes=\"auto, (max-width: 300px) 100vw, 300px\" \/>A SEMPI\u00a0\u00e9 uma empresa\u00a0especializada em execu\u00e7\u00e3o de montagens eletromec\u00e2nicas nas disciplinas (el\u00e9trica e instrumenta\u00e7\u00e3o). Contamos com profissionais com vasta experi\u00eancia em montagens industriais e que passam periodicamente por treinamentos, sejam voltados para seguran\u00e7a do trabalho, seja por uso e manuten\u00e7\u00e3o de m\u00e1quinas e equipamentos.<br \/>\nAl\u00e9m de m\u00e3o de obra pr\u00f3pria para montagens eletromec\u00e2nicas, a SEMPI\u00a0conta com uma equipe voltada ao gerenciamento das obras, formada por engenheiros, t\u00e9cnicos e administradores, e est\u00e1 estruturada de forma a atender a complexidade e necessidade de cada empreendimento. Com base no procedimento operacional POP 002, s\u00e3o trabalhadas algumas ferramentas gerenciais, como:<\/p>\n<ul>\n<li>EAP (Estrutura Anal\u00edtica do Projeto);<\/li>\n<li>RDO (Relat\u00f3rio Di\u00e1rio de Obra);<\/li>\n<li>RAO (Relat\u00f3rio fotogr\u00e1fico de Acompanhamento de obra);<\/li>\n<li>Cronograma em MS Project;<\/li>\n<li>Curva \u201cS\u201d;<\/li>\n<li>Software dedicado para gerenciamento de materiais (Controle de entrada \/sa\u00edda e relat\u00f3rio de estoque)<\/li>\n<\/ul>\n","protected":false},"excerpt":{"rendered":"<p>A SEMPI\u00a0\u00e9 uma empresa\u00a0especializada em execu\u00e7\u00e3o de montagens eletromec\u00e2nicas nas disciplinas (el\u00e9trica e instrumenta\u00e7\u00e3o). Contamos com profissionais com vasta experi\u00eancia em montagens industriais e que passam periodicamente por treinamentos, sejam voltados para seguran\u00e7a do trabalho, seja por uso e manuten\u00e7\u00e3o de m\u00e1quinas e equipamentos. Al\u00e9m de m\u00e3o de obra pr\u00f3pria para montagens eletromec\u00e2nicas, a SEMPI\u00a0conta [&hellip;]<\/p>\n","protected":false},"author":1,"featured_media":0,"parent":0,"menu_order":0,"comment_status":"closed","ping_status":"closed","template":"","meta":{"footnotes":""},"class_list":["post-45","page","type-page","status-publish","hentry"],"aioseo_notices":[],"_links":{"self":[{"href":"https:\/\/sempiengenharia.com.br\/index.php?rest_route=\/wp\/v2\/pages\/45","targetHints":{"allow":["GET"]}}],"collection":[{"href":"https:\/\/sempiengenharia.com.br\/index.php?rest_route=\/wp\/v2\/pages"}],"about":[{"href":"https:\/\/sempiengenharia.com.br\/index.php?rest_route=\/wp\/v2\/types\/page"}],"author":[{"embeddable":true,"href":"https:\/\/sempiengenharia.com.br\/index.php?rest_route=\/wp\/v2\/users\/1"}],"replies":[{"embeddable":true,"href":"https:\/\/sempiengenharia.com.br\/index.php?rest_route=%2Fwp%2Fv2%2Fcomments&post=45"}],"version-history":[{"count":5,"href":"https:\/\/sempiengenharia.com.br\/index.php?rest_route=\/wp\/v2\/pages\/45\/revisions"}],"predecessor-version":[{"id":137,"href":"https:\/\/sempiengenharia.com.br\/index.php?rest_route=\/wp\/v2\/pages\/45\/revisions\/137"}],"wp:attachment":[{"href":"https:\/\/sempiengenharia.com.br\/index.php?rest_route=%2Fwp%2Fv2%2Fmedia&parent=45"}],"curies":[{"name":"wp","href":"https:\/\/api.w.org\/{rel}","templated":true}]}}