{"id":451,"date":"2023-10-21T20:34:46","date_gmt":"2023-10-21T20:34:46","guid":{"rendered":"https:\/\/sempiengenharia.com.br\/?page_id=451"},"modified":"2023-10-21T20:43:14","modified_gmt":"2023-10-21T20:43:14","slug":"intranet","status":"publish","type":"page","link":"https:\/\/sempiengenharia.com.br\/?page_id=451","title":{"rendered":"Intranet"},"content":{"rendered":"<p><!DOCTYPE html><br \/>\n<html><br \/>\n<head><br \/>\n    <title>P\u00e1gina de Login<\/title><br \/>\n<\/head><br \/>\n<body><\/p>\n<h2>Fa\u00e7a login<\/h2>\n<form action=\"login.php\" method=\"post\">\n        <label for=\"username\">Usu\u00e1rio:<\/label><br \/>\n        <input type=\"text\" id=\"username\" name=\"username\" required><\/p>\n<p>        <\n\n\n       \n\n\n<label for=\"password\">Senha:<\/label><br \/>\n        <input type=\"password\" id=\"password\" name=\"password\" required><\/p>\n<p>        <input type=\"submit\" value=\"Entrar\"><br \/>\n    <\/form>\n<p><\/body><br \/>\n<\/html><\/p>\n<p><?php\n\/\/ Verifique se o formul\u00e1rio foi submetido\nif ($_SERVER[\"REQUEST_METHOD\"] == \"POST\") {\n    \/\/ Defina seu nome de usu\u00e1rio e senha (substitua isso por um banco de dados real)\n    $usuario_valido = \"seu_usuario\";\n    $senha_valida = \"sua_senha\";\n\n    \/\/ Obtenha os valores do formul\u00e1rio\n    $username = $_POST[\"username\"];\n    $password = $_POST[\"password\"];\n\n    \/\/ Verifique se o nome de usu\u00e1rio e a senha est\u00e3o corretos\n    if ($username == $usuario_valido &#038;&#038; $password == $senha_valida) {\n        \n       \n\/\/ Login bem-sucedido, redirecione para a p\u00e1gina de boas-vindas\n\/\/ https:\/\/sempiengenharia.com.br\/?page_id=455\n\n        \/\/ header(\"Location: welcome.php\");\n        header(\"Location: ?page_id=455\");\n\n    } \n   \nelse {\n        \/\/ Login falhou, exiba uma mensagem de erro\n        echo \"Nome de usu\u00e1rio ou senha incorretos.\";\n    }\n}\n?><\/p>\n","protected":false},"excerpt":{"rendered":"<p>P\u00e1gina de Login Fa\u00e7a login Usu\u00e1rio: < Senha:\n<\/p>\n","protected":false},"author":1,"featured_media":0,"parent":0,"menu_order":0,"comment_status":"closed","ping_status":"closed","template":"","meta":{"footnotes":""},"class_list":["post-451","page","type-page","status-publish","hentry"],"aioseo_notices":[],"_links":{"self":[{"href":"https:\/\/sempiengenharia.com.br\/index.php?rest_route=\/wp\/v2\/pages\/451","targetHints":{"allow":["GET"]}}],"collection":[{"href":"https:\/\/sempiengenharia.com.br\/index.php?rest_route=\/wp\/v2\/pages"}],"about":[{"href":"https:\/\/sempiengenharia.com.br\/index.php?rest_route=\/wp\/v2\/types\/page"}],"author":[{"embeddable":true,"href":"https:\/\/sempiengenharia.com.br\/index.php?rest_route=\/wp\/v2\/users\/1"}],"replies":[{"embeddable":true,"href":"https:\/\/sempiengenharia.com.br\/index.php?rest_route=%2Fwp%2Fv2%2Fcomments&post=451"}],"version-history":[{"count":4,"href":"https:\/\/sempiengenharia.com.br\/index.php?rest_route=\/wp\/v2\/pages\/451\/revisions"}],"predecessor-version":[{"id":458,"href":"https:\/\/sempiengenharia.com.br\/index.php?rest_route=\/wp\/v2\/pages\/451\/revisions\/458"}],"wp:attachment":[{"href":"https:\/\/sempiengenharia.com.br\/index.php?rest_route=%2Fwp%2Fv2%2Fmedia&parent=451"}],"curies":[{"name":"wp","href":"https:\/\/api.w.org\/{rel}","templated":true}]}}