{"id":47,"date":"2017-02-20T02:28:15","date_gmt":"2017-02-20T02:28:15","guid":{"rendered":"https:\/\/sempiengenharia.com.br\/?page_id=47"},"modified":"2025-09-17T19:22:42","modified_gmt":"2025-09-17T19:22:42","slug":"adequacao-a-nr10-e-nr12","status":"publish","type":"page","link":"https:\/\/sempiengenharia.com.br\/?page_id=47","title":{"rendered":"Adequa\u00e7\u00e3o a NR10 e NR12"},"content":{"rendered":"<h2><img loading=\"lazy\" decoding=\"async\" class=\"alignnone size-medium wp-image-340\" src=\"https:\/\/sempiengenharia.com.br\/wp-content\/uploads\/2017\/02\/20150916_125335-300x225.jpg\" alt=\"20150916_125335\" width=\"300\" height=\"225\" srcset=\"https:\/\/sempiengenharia.com.br\/wp-content\/uploads\/2017\/02\/20150916_125335-300x225.jpg 300w, https:\/\/sempiengenharia.com.br\/wp-content\/uploads\/2017\/02\/20150916_125335-768x576.jpg 768w, https:\/\/sempiengenharia.com.br\/wp-content\/uploads\/2017\/02\/20150916_125335-1024x768.jpg 1024w, https:\/\/sempiengenharia.com.br\/wp-content\/uploads\/2017\/02\/20150916_125335-285x214.jpg 285w\" sizes=\"auto, (max-width: 300px) 100vw, 300px\" \/><\/h2>\n<h2>Regulamente sua empresa para as normas NR10 e NR12<\/h2>\n<p>A Bitten M\u00e1quinas, em Fortaleza, \u00e9 a primeira empresa a trabalhar de acordo com as normas NR-10 e NR-12, para prensas hidr\u00e1ulicas, garantindo uma maior seguran\u00e7a na fabrica\u00e7\u00e3o e manuten\u00e7\u00e3o de seus produtos e de seus clientes. Se deseja regulamentar sua empresa para as normas NR10 e NR12, fale conosco agora mesmo. N\u00f3s faremos a adequa\u00e7\u00e3o do seu equipamento.<\/p>\n<h3>NR-10 \u2013 SEGURAN\u00c7A EM INSTALA\u00c7\u00d5ES E SERVI\u00c7OS COM ELETRICIDADE<\/h3>\n<ul>\n<li>Relat\u00f3rio das Instala\u00e7\u00f5es e servi\u00e7os de Eletricidade;<\/li>\n<li>Relat\u00f3rio sistema de prote\u00e7\u00e3o contra descargas atmosfericas (SPDA) Para-Raios;<\/li>\n<li>Curso de Seguran\u00e7a em Instala\u00e7\u00f5es com eletricidade;<\/li>\n<li>Prontu\u00e1rio El\u00e9trico;<\/li>\n<li>Documenta\u00e7\u00e3o T\u00e9cnica das Instala\u00e7\u00f5es;<\/li>\n<li>Atualiza\u00e7\u00e3o de esquemas el\u00e9tricos;<\/li>\n<li>Adequa\u00e7\u00e3o de instala\u00e7\u00f5es;<\/li>\n<li>Lock-out \/ Tag-out.<\/li>\n<\/ul>\n<h3>NR-12 \u2013 M\u00c1QUINAS E EQUIPAMENTOS<\/h3>\n<ul>\n<li>Determina\u00e7\u00e3o da categoria de Risco conforme NBR 14153;<\/li>\n<li>Elabora\u00e7\u00e3o de Programa de Avalia\u00e7\u00e3o de riscos (P.A.R);<\/li>\n<li>Adequa\u00e7\u00e3o de M\u00e1quinas e Processos a NR\u2019s e NBR\u2019s.<\/li>\n<\/ul>\n","protected":false},"excerpt":{"rendered":"<p>Regulamente sua empresa para as normas NR10 e NR12 A Bitten M\u00e1quinas, em Fortaleza, \u00e9 a primeira empresa a trabalhar de acordo com as normas NR-10 e NR-12, para prensas hidr\u00e1ulicas, garantindo uma maior seguran\u00e7a na fabrica\u00e7\u00e3o e manuten\u00e7\u00e3o de seus produtos e de seus clientes. Se deseja regulamentar sua empresa para as normas NR10 [&hellip;]<\/p>\n","protected":false},"author":1,"featured_media":0,"parent":0,"menu_order":0,"comment_status":"closed","ping_status":"closed","template":"","meta":{"footnotes":""},"class_list":["post-47","page","type-page","status-publish","hentry"],"aioseo_notices":[],"_links":{"self":[{"href":"https:\/\/sempiengenharia.com.br\/index.php?rest_route=\/wp\/v2\/pages\/47","targetHints":{"allow":["GET"]}}],"collection":[{"href":"https:\/\/sempiengenharia.com.br\/index.php?rest_route=\/wp\/v2\/pages"}],"about":[{"href":"https:\/\/sempiengenharia.com.br\/index.php?rest_route=\/wp\/v2\/types\/page"}],"author":[{"embeddable":true,"href":"https:\/\/sempiengenharia.com.br\/index.php?rest_route=\/wp\/v2\/users\/1"}],"replies":[{"embeddable":true,"href":"https:\/\/sempiengenharia.com.br\/index.php?rest_route=%2Fwp%2Fv2%2Fcomments&post=47"}],"version-history":[{"count":4,"href":"https:\/\/sempiengenharia.com.br\/index.php?rest_route=\/wp\/v2\/pages\/47\/revisions"}],"predecessor-version":[{"id":539,"href":"https:\/\/sempiengenharia.com.br\/index.php?rest_route=\/wp\/v2\/pages\/47\/revisions\/539"}],"wp:attachment":[{"href":"https:\/\/sempiengenharia.com.br\/index.php?rest_route=%2Fwp%2Fv2%2Fmedia&parent=47"}],"curies":[{"name":"wp","href":"https:\/\/api.w.org\/{rel}","templated":true}]}}