{"id":49,"date":"2017-02-20T02:39:37","date_gmt":"2017-02-20T02:39:37","guid":{"rendered":"https:\/\/sempiengenharia.com.br\/?page_id=49"},"modified":"2023-09-30T00:00:00","modified_gmt":"2023-09-30T00:00:00","slug":"instalacoes-eletricas-industriais","status":"publish","type":"page","link":"https:\/\/sempiengenharia.com.br\/?page_id=49","title":{"rendered":"Instala\u00e7\u00f5es El\u00e9tricas Industriais"},"content":{"rendered":"<p><img loading=\"lazy\" decoding=\"async\" class=\"alignnone size-medium wp-image-50 alignright\" src=\"https:\/\/sempiengenharia.com.br\/wp-content\/uploads\/2017\/02\/cab005-768x578-300x226.png\" alt=\"cab005-768x578\" width=\"300\" height=\"226\" srcset=\"https:\/\/sempiengenharia.com.br\/wp-content\/uploads\/2017\/02\/cab005-768x578-300x226.png 300w, https:\/\/sempiengenharia.com.br\/wp-content\/uploads\/2017\/02\/cab005-768x578.png 768w, https:\/\/sempiengenharia.com.br\/wp-content\/uploads\/2017\/02\/cab005-768x578-285x214.png 285w\" sizes=\"auto, (max-width: 300px) 100vw, 300px\" \/>As <strong>instala\u00e7\u00f5es el\u00e9tricas industriais<\/strong>, representam cerca de 12 a 17 por cento dos valores de custo total de uma constru\u00e7\u00e3o. \u00c9 muito importante que o dinheiro seja bem empregado, por isso, opte por uma empresa com experi\u00eancia de mercado e agilidade no atendimento e realiza\u00e7\u00e3o de servi\u00e7os, a SEMPI. j\u00e1 est\u00e1 a mais de vinte anos no mercado e \u00e9 especialista no setor. Entre j\u00e1 em contato e desfrute das vantagens de ser um cliente de uma empresa que entende do assunto.<\/p>\n<p>As <strong>instala\u00e7\u00f5es el\u00e9tricas industriais<\/strong> s\u00e3o compostas pela uni\u00e3o de componentes el\u00e9tricos que s\u00e3o essenciais para que o sistema funcione e seus circuitos, funcionem de forma correta. Todas as <strong>instala\u00e7\u00f5es el\u00e9tricas industriais<\/strong> devem ser desenvolvidas seguindo as regulamenta\u00e7\u00f5es e normas estabelecidas.<\/p>\n<h2>IMPORT\u00c2NCIA DAS NORMAS ESTABELECIDAS POR \u00d3RG\u00c3OS REGULADORES<\/h2>\n<p>Um exemplo das normas nas quais as <strong>instala\u00e7\u00f5es el\u00e9tricas industriais<\/strong> devem estar de acordo, s\u00e3o as definidas pela Associa\u00e7\u00e3o Brasileira de Normas T\u00e9cnicas, conhecida por ABNT. Os aspectos, que s\u00e3o pertinentes a legisla\u00e7\u00e3o atual visam qualidade e, principalmente, seguran\u00e7a dos trabalhadores nos processos.<\/p>\n<p>A alimenta\u00e7\u00e3o das <strong>instala\u00e7\u00f5es el\u00e9tricas industriais<\/strong> \u00e9 realizada atrav\u00e9s de fontes de eletricidade. Elas se constituem de uma complexa rede com liga\u00e7\u00f5es que come\u00e7am nos postes das concession\u00e1rias e acabam nos soquetes de tomadas dentro dos ambientes. Os projetos das <strong>instala\u00e7\u00f5es el\u00e9tricas industriais<\/strong> deve definir cada ponto de eletricidade do lugar, sempre levando em conta as necessidades de cada ambiente.<\/p>\n<h2>INSTALA\u00c7\u00d5ES EL\u00c9TRICAS INDUSTRIAIS &#8211; PRINCIPAIS ELEMENTOS<\/h2>\n<p>Resumidamente, pode-se definir os principais elementos utilizados nesse tipo de instala\u00e7\u00e3o el\u00e9trica, eles s\u00e3o:<\/p>\n<ul class=\"list\">\n<li>Poste de recep\u00e7\u00e3o &#8211; imprescind\u00edvel para que a energia entre no estabelecimento. Podem ser feitos com concreto ou ferro, a maioria deles possuem limites de pot\u00eancia.<\/li>\n<li>Caixa de medi\u00e7\u00e3o &#8211; alocadas na parte externa dos ambientes, s\u00e3o divididas em duas partes. Uma que fica com o medidor de consumo e outra com o dispositivo de prote\u00e7\u00e3o.<\/li>\n<li>Quadro geral &#8211; opte pelos feitos em metal ou fibra de vidro. \u00c9 nesse quadro que os circuitos das <strong>instala\u00e7\u00f5es el\u00e9tricas industriais<\/strong> ficam agrupados separadamente, conforme as indica\u00e7\u00f5es das normas t\u00e9cnicas.<\/li>\n<li>Fus\u00edveis e disjuntores &#8211; protegem as <strong>instala\u00e7\u00f5es el\u00e9tricas industriais<\/strong> contra curtos circuitos e sobrecargas.<\/li>\n<li>Diferencial Residual &#8211; \u00e9 um dispositivo recomendado pela ABNT que oferece mais seguran\u00e7a.<\/li>\n<li>Eletrodutos &#8211; s\u00e3o por eles que passam os fios e cabos das <strong>instala\u00e7\u00f5es el\u00e9tricas industriais<\/strong>. Podem ser em PVC, ferro ou a\u00e7o.<\/li>\n<li>Fios e cabos &#8211; s\u00e3o eles que conduzem a energia, se diferenciam apenas com rela\u00e7\u00e3o a aplica\u00e7\u00e3o e forma.<\/li>\n<li>Tomadas, interruptores e outros pontos &#8211; a energia que chega dos fios e quadros ligados ao quadro de distribui\u00e7\u00e3o, \u00e9 conduzida at\u00e9 as tomadas, soquetes e interruptores.<\/li>\n<\/ul>\n<h2><\/h2>\n","protected":false},"excerpt":{"rendered":"<p>As instala\u00e7\u00f5es el\u00e9tricas industriais, representam cerca de 12 a 17 por cento dos valores de custo total de uma constru\u00e7\u00e3o. \u00c9 muito importante que o dinheiro seja bem empregado, por isso, opte por uma empresa com experi\u00eancia de mercado e agilidade no atendimento e realiza\u00e7\u00e3o de servi\u00e7os, a SEMPI. j\u00e1 est\u00e1 a mais de vinte [&hellip;]<\/p>\n","protected":false},"author":1,"featured_media":0,"parent":0,"menu_order":0,"comment_status":"closed","ping_status":"closed","template":"","meta":{"footnotes":""},"class_list":["post-49","page","type-page","status-publish","hentry"],"aioseo_notices":[],"_links":{"self":[{"href":"https:\/\/sempiengenharia.com.br\/index.php?rest_route=\/wp\/v2\/pages\/49","targetHints":{"allow":["GET"]}}],"collection":[{"href":"https:\/\/sempiengenharia.com.br\/index.php?rest_route=\/wp\/v2\/pages"}],"about":[{"href":"https:\/\/sempiengenharia.com.br\/index.php?rest_route=\/wp\/v2\/types\/page"}],"author":[{"embeddable":true,"href":"https:\/\/sempiengenharia.com.br\/index.php?rest_route=\/wp\/v2\/users\/1"}],"replies":[{"embeddable":true,"href":"https:\/\/sempiengenharia.com.br\/index.php?rest_route=%2Fwp%2Fv2%2Fcomments&post=49"}],"version-history":[{"count":3,"href":"https:\/\/sempiengenharia.com.br\/index.php?rest_route=\/wp\/v2\/pages\/49\/revisions"}],"predecessor-version":[{"id":424,"href":"https:\/\/sempiengenharia.com.br\/index.php?rest_route=\/wp\/v2\/pages\/49\/revisions\/424"}],"wp:attachment":[{"href":"https:\/\/sempiengenharia.com.br\/index.php?rest_route=%2Fwp%2Fv2%2Fmedia&parent=49"}],"curies":[{"name":"wp","href":"https:\/\/api.w.org\/{rel}","templated":true}]}}