{"id":56,"date":"2017-02-20T02:50:37","date_gmt":"2017-02-20T02:50:37","guid":{"rendered":"https:\/\/sempiengenharia.com.br\/?page_id=56"},"modified":"2017-03-12T13:42:29","modified_gmt":"2017-03-12T13:42:29","slug":"retrofitting-em-quadros-e-paineis-eletricos","status":"publish","type":"page","link":"https:\/\/sempiengenharia.com.br\/?page_id=56","title":{"rendered":"Retrofitting em Quadros e Pain\u00e9is El\u00e9tricos"},"content":{"rendered":"<p>A SEMPI oferece o servi\u00e7o especializado de <strong>Retrofitting em Quadros e Pain\u00e9is El\u00e9tricos<\/strong>, um servi\u00e7o de reformas e altera\u00e7\u00f5es em pain\u00e9is el\u00e9tricos existentes, com a finalidade de atender o cliente em situa\u00e7\u00f5es nas quais ele n\u00e3o tenha disponibilidade de substituir o painel por um novo.<\/p>\n<p>Al\u00e9m do <strong>Retrofitting em Quadros e Pain\u00e9is El\u00e9tricos<\/strong>, a empresa presta servi\u00e7os de quadros e pain\u00e9is de comando e prote\u00e7\u00e3o, transformadores, an\u00e1lise de qualidade de energia, manuten\u00e7\u00e3o preventiva e corretiva em equipamentos el\u00e9tricos, laudos t\u00e9cnicos, estudo de viabilidade para implanta\u00e7\u00e3o de cabine prim\u00e1ria, instala\u00e7\u00f5es industriais, entre outros. Sempre com pontualidade, rapidez, qualidade superior e os menores pre\u00e7os do mercado.<\/p>\n<h2>Aplica\u00e7\u00e3o do Retrofitting em Quadros e Pain\u00e9is El\u00e9tricos:<\/h2>\n<ul class=\"topicos\">\n<li>O <strong>Retrofitting em Quadros e Pain\u00e9is El\u00e9tricos<\/strong> pode ser utilizado em amplia\u00e7\u00f5es de pain\u00e9is existentes; substitui\u00e7\u00e3o de componentes e aumento de capacidade.<\/li>\n<\/ul>\n<h3>Normas Regulamentadoras do Retrofitting em Quadros e Pain\u00e9is El\u00e9tricos:<\/h3>\n<ul class=\"topicos\">\n<li>Enquadramento na NR10;<\/li>\n<li>Enquadramento na ABNT &#8211; NBR 5410.<\/li>\n<\/ul>\n<p>Com tudo, a empresa realiza servi\u00e7os que trar\u00e1 benef\u00edcios para industriais, trazendo um custo menor para voc\u00ea cliente: Redu\u00e7\u00e3o de Custo com Energia El\u00e9trica, Retrofitting em Transformadores de M\u00e9dia Tens\u00e3o, Retrofitting em Disjuntor de M\u00e9dia Tens\u00e3o.<\/p>\n<h2>Vantagens com o servi\u00e7o de Retrofitting em Quadros e Pain\u00e9is El\u00e9tricos:<\/h2>\n<p>Todas as adequa\u00e7\u00f5es do <strong>Retrofitting em Quadros e Pain\u00e9is El\u00e9tricos<\/strong> s\u00e3o projetadas por profissionais devidamente treinados e especializados na \u00e1rea de eletricidade e na \u00e1rea de mec\u00e2nica, na qual executa projetos em 3D de pe\u00e7as mec\u00e2nicas. Tendo como objetivo principal,oferecer solu\u00e7\u00f5es diferenciadas visando qualidade, pre\u00e7o e prazos.<\/p>\n<p>Ressaltando que, para uma boa concep\u00e7\u00e3o de projeto de <strong>Retrofitting em Quadros e Pain\u00e9is El\u00e9tricos<\/strong> \u00e9 feito um pr\u00e9vio estudo de viabilidade t\u00e9cnico\/econ\u00f4mica, um levantamento de dados precisos e um feed-back para entender exatamente o que est\u00e1 sendo requisitado pelo cliente, com tempo de parada reduzido e garantia de finaliza\u00e7\u00e3o sem maiores contratempos para o cliente.<\/p>\n<p>&nbsp;<\/p>\n<p>&nbsp;<\/p>\n","protected":false},"excerpt":{"rendered":"<p>A SEMPI oferece o servi\u00e7o especializado de Retrofitting em Quadros e Pain\u00e9is El\u00e9tricos, um servi\u00e7o de reformas e altera\u00e7\u00f5es em pain\u00e9is el\u00e9tricos existentes, com a finalidade de atender o cliente em situa\u00e7\u00f5es nas quais ele n\u00e3o tenha disponibilidade de substituir o painel por um novo. Al\u00e9m do Retrofitting em Quadros e Pain\u00e9is El\u00e9tricos, a empresa [&hellip;]<\/p>\n","protected":false},"author":1,"featured_media":0,"parent":0,"menu_order":0,"comment_status":"closed","ping_status":"closed","template":"","meta":{"footnotes":""},"class_list":["post-56","page","type-page","status-publish","hentry"],"aioseo_notices":[],"_links":{"self":[{"href":"https:\/\/sempiengenharia.com.br\/index.php?rest_route=\/wp\/v2\/pages\/56","targetHints":{"allow":["GET"]}}],"collection":[{"href":"https:\/\/sempiengenharia.com.br\/index.php?rest_route=\/wp\/v2\/pages"}],"about":[{"href":"https:\/\/sempiengenharia.com.br\/index.php?rest_route=\/wp\/v2\/types\/page"}],"author":[{"embeddable":true,"href":"https:\/\/sempiengenharia.com.br\/index.php?rest_route=\/wp\/v2\/users\/1"}],"replies":[{"embeddable":true,"href":"https:\/\/sempiengenharia.com.br\/index.php?rest_route=%2Fwp%2Fv2%2Fcomments&post=56"}],"version-history":[{"count":2,"href":"https:\/\/sempiengenharia.com.br\/index.php?rest_route=\/wp\/v2\/pages\/56\/revisions"}],"predecessor-version":[{"id":193,"href":"https:\/\/sempiengenharia.com.br\/index.php?rest_route=\/wp\/v2\/pages\/56\/revisions\/193"}],"wp:attachment":[{"href":"https:\/\/sempiengenharia.com.br\/index.php?rest_route=%2Fwp%2Fv2%2Fmedia&parent=56"}],"curies":[{"name":"wp","href":"https:\/\/api.w.org\/{rel}","templated":true}]}}