{"id":83,"date":"2017-03-02T03:17:02","date_gmt":"2017-03-02T03:17:02","guid":{"rendered":"https:\/\/sempiengenharia.com.br\/?page_id=83"},"modified":"2017-07-16T22:29:29","modified_gmt":"2017-07-16T22:29:29","slug":"cabine-e-subestacao-de-energia-eletrica","status":"publish","type":"page","link":"https:\/\/sempiengenharia.com.br\/?page_id=83","title":{"rendered":"Manuten\u00e7\u00e3o de Cabine Prim\u00e1ria e Subesta\u00e7\u00e3o"},"content":{"rendered":"<p><img loading=\"lazy\" decoding=\"async\" class=\"alignnone size-medium wp-image-84 alignright\" src=\"https:\/\/sempiengenharia.com.br\/wp-content\/uploads\/2017\/03\/CABINE-750-500KWA-003-300x224.png\" alt=\"CABINE-750-500KWA-003\" width=\"300\" height=\"224\" srcset=\"https:\/\/sempiengenharia.com.br\/wp-content\/uploads\/2017\/03\/CABINE-750-500KWA-003-300x224.png 300w, https:\/\/sempiengenharia.com.br\/wp-content\/uploads\/2017\/03\/CABINE-750-500KWA-003-768x573.png 768w, https:\/\/sempiengenharia.com.br\/wp-content\/uploads\/2017\/03\/CABINE-750-500KWA-003-285x214.png 285w, https:\/\/sempiengenharia.com.br\/wp-content\/uploads\/2017\/03\/CABINE-750-500KWA-003.png 1018w\" sizes=\"auto, (max-width: 300px) 100vw, 300px\" \/>O fornecimento de energia sem interrup\u00e7\u00f5es depende da integridade dos equipamentos da subesta\u00e7\u00e3o. Estes equipamentos s\u00e3o silenciosos em seu funcionamento e n\u00e3o emitem sinais avisando a presen\u00e7a de defeitos.<\/p>\n<div>\n<p>Para atender com seguran\u00e7a e qualidade nos servi\u00e7os prestados em <strong>Manuten\u00e7\u00e3o em Cabine Prim\u00e1ria e Subesta\u00e7\u00e3o<\/strong> a empresa disp\u00f5e de projetos e equipamentos adequados para atender cada cliente em todas as suas necessidades no setor el\u00e9trico.<\/p>\n<p>Al\u00e9m disso, a empresa possui servi\u00e7os que trar\u00e1 vantagens para industriais, trazendo um custo menor para voc\u00ea cliente: Manuten\u00e7\u00e3o Preventiva e Corretiva em Banco de Capacitores, Manuten\u00e7\u00e3o Preventiva e Corretiva em Disjuntores de M\u00e9dia Tens\u00e3o, Manuten\u00e7\u00e3o Preventiva Corretiva Transformadores, Manuten\u00e7\u00e3o Preventiva em Subesta\u00e7\u00f5es de M\u00e9dia Tens\u00e3o.<\/p>\n<h3>Aplica\u00e7\u00e3o da Manuten\u00e7\u00e3o em Cabine Prim\u00e1ria e Subesta\u00e7\u00e3o:<\/h3>\n<p>A <strong>Manuten\u00e7\u00e3o em Cabine Prim\u00e1ria<\/strong> \u00e9 feita sob rigorosa inspe\u00e7\u00e3o e testes, a fim de atender as ind\u00fastrias e empresas que possuem alto gasto com energia el\u00e9trica, como em empresas de g\u00e1s GNV, condom\u00ednios, shopping centers, entre outros setores.<\/p>\n<p>Lembrando que, a <strong>Manuten\u00e7\u00e3o em Cabine Prim\u00e1ria e Subesta\u00e7\u00e3o<\/strong> \u00e9 indicada anualmente para inspe\u00e7\u00e3o, controle dos acess\u00f3rios e condi\u00e7\u00f5es gerais. De cinco em cinco anos para testes operacionais dos pain\u00e9is individuais, teste nos disjuntores e seccionadores sobre carga, no contator a v\u00e1cuo, na gaveta de seccionamento, no seccionador de aterramento, entre outros.<\/p>\n<p>Portanto, para proteger os seus clientes de surpresas desagrad\u00e1veis, mas preservando a sua produ\u00e7\u00e3o e assegurando gastos menores e previs\u00edveis, a SEMPI faz:<\/p>\n<div>\n<ul>\n<li>Manuten\u00e7\u00e3o em todos os dispositivos de subesta\u00e7\u00f5es de at\u00e9 25 KV<\/li>\n<li>Ensaios el\u00e9tricos para identifica\u00e7\u00e3o do estado interno dos equipamentos<\/li>\n<li>Aferi\u00e7\u00e3o de dispositivos de prote\u00e7\u00e3o<\/li>\n<li>Reparos e reformas<\/li>\n<\/ul>\n\n\n<div\n\t\tclass=\"pirate_forms_container widget-no\"\n\t\tid=\"pirate_forms_container_default\">\n\t<!-- header -->\n\t\n\t<!-- thank you -->\n\t\n\t<div class=\"pirate_forms_wrap\">\n\t\t<!-- errors -->\n\t\t\n\t\t<!-- form -->\n\t\t\n\t\t<form\n\t\t\t\tmethod=\"post\"\n\t\t\t\tenctype=\"application\/x-www-form-urlencoded\"\n\t\t\t\tclass=\"pirate_forms  form_honeypot-on wordpress-nonce-on pirate-forms-contact-name-on pirate-forms-contact-email-on pirate-forms-contact-subject-on pirate-forms-contact-message-on pirate-forms-contact-submit-on pirate_forms_from_form-on\"\n\t\t\t\t\t>\n\t\t\t<div class=\"pirate_forms_three_inputs_wrap \">\n\t\t\t\t\n\n<div class=\"col-xs-12 pirate_forms_three_inputs form_field_wrap contact_name_wrap col-xs-12 col-sm-6 contact_name_wrap pirate_forms_three_inputs form_field_wrap\">\n\t\t<input\n\t\t\ttype=\"text\"\n\t\t\tclass=\"form-control\" id=\"pirate-forms-contact-name\" name=\"pirate-forms-contact-name\" class=\"\" placeholder=\"Nome\" required oninvalid=\"this.setCustomValidity('Entre com seu Nome')\" onchange=\"this.setCustomValidity('')\" value=\"\" >\n<\/div>\n\n\n<div class=\"col-xs-12 pirate_forms_three_inputs form_field_wrap contact_email_wrap col-xs-12 col-sm-6 contact_email_wrap pirate_forms_three_inputs form_field_wrap\">\n\t\t<input type=\"email\" class=\"form-control\" id=\"pirate-forms-contact-email\" name=\"pirate-forms-contact-email\" class=\"\" placeholder=\"E-mail\" required oninvalid=\"this.setCustomValidity('Insira um e-mail Valido')\" onchange=\"this.setCustomValidity('')\" value=\"\">\n<\/div>\n\n\n<div class=\"col-xs-12 pirate_forms_three_inputs form_field_wrap contact_subject_wrap col-xs-12 contact_subject_wrap pirate_forms_three_inputs form_field_wrap\">\n\t\t<input\n\t\t\ttype=\"text\"\n\t\t\tclass=\"form-control\" id=\"pirate-forms-contact-subject\" name=\"pirate-forms-contact-subject\" class=\"\" placeholder=\"Assunto\" required oninvalid=\"this.setCustomValidity('Indique um assunto')\" onchange=\"this.setCustomValidity('')\" value=\"\" >\n<\/div>\n\t\t\t<\/div>\n\n\t\t\t\n\n<div class=\"col-xs-12 form_field_wrap contact_message_wrap col-xs-12 contact_message_wrap pirate_forms_three_inputs form_field_wrap\">\n\t\t<textarea\n\t\t\trows=\"5\" cols=\"30\"\n\t\t\tclass=\"form-control\" id=\"pirate-forms-contact-message\" name=\"pirate-forms-contact-message\" class=\"\" placeholder=\"Escreva sua Mensagem\" required oninvalid=\"this.setCustomValidity('Adicione um Coment\u00e1rio ou Critica')\" onchange=\"this.setCustomValidity('')\" ><\/textarea>\n<\/div>\n\n\n<div class=\"col-xs-12 form_field_wrap contact_submit_wrap\">\n\t<button type=\"submit\" class=\"pirate-forms-submit-button btn btn-primary \" id=\"pirate-forms-contact-submit\" name=\"pirate-forms-contact-submit\" class=\"pirate-forms-submit-button btn btn-primary \" placeholder=\"\" >Enviar Mensagem<\/button>\n<\/div>\n<input type=\"hidden\" id=\"pirate_forms_ajax\" name=\"pirate_forms_ajax\" class=\"\" placeholder=\"\"  value=\"0\"><div class=\"form_field_wrap hidden\" style=\"display: none\"><input type=\"text\" id=\"form_honeypot\" name=\"honeypot\" class=\"\" placeholder=\"\"  value=\"\"><\/div><input type=\"hidden\" id=\"pirate_forms_from_widget\" name=\"pirate_forms_from_widget\" class=\"\" placeholder=\"\"  value=\"0\"><input type=\"hidden\" id=\"wordpress-nonce\" name=\"wordpress-nonce\" class=\"\" placeholder=\"\"  value=\"5becd729d7\"><input type=\"hidden\" id=\"pirate_forms_from_form\" name=\"pirate_forms_from_form\" class=\"\" placeholder=\"\"  value=\"a10f31a5df\">\t\t<\/form>\n\n\t\t\n\t\t<div class=\"pirate_forms_clearfix\"><\/div>\n\t<\/div>\n\n\t<!-- footer -->\n\t<\/div>\n<\/div>\n","protected":false},"excerpt":{"rendered":"<p>O fornecimento de energia sem interrup\u00e7\u00f5es depende da integridade dos equipamentos da subesta\u00e7\u00e3o. Estes equipamentos s\u00e3o silenciosos em seu funcionamento e n\u00e3o emitem sinais avisando a presen\u00e7a de defeitos. Para atender com seguran\u00e7a e qualidade nos servi\u00e7os prestados em Manuten\u00e7\u00e3o em Cabine Prim\u00e1ria e Subesta\u00e7\u00e3o a empresa disp\u00f5e de projetos e equipamentos adequados para atender [&hellip;]<\/p>\n","protected":false},"author":1,"featured_media":0,"parent":0,"menu_order":0,"comment_status":"closed","ping_status":"closed","template":"","meta":{"footnotes":""},"class_list":["post-83","page","type-page","status-publish","hentry"],"aioseo_notices":[],"_links":{"self":[{"href":"https:\/\/sempiengenharia.com.br\/index.php?rest_route=\/wp\/v2\/pages\/83","targetHints":{"allow":["GET"]}}],"collection":[{"href":"https:\/\/sempiengenharia.com.br\/index.php?rest_route=\/wp\/v2\/pages"}],"about":[{"href":"https:\/\/sempiengenharia.com.br\/index.php?rest_route=\/wp\/v2\/types\/page"}],"author":[{"embeddable":true,"href":"https:\/\/sempiengenharia.com.br\/index.php?rest_route=\/wp\/v2\/users\/1"}],"replies":[{"embeddable":true,"href":"https:\/\/sempiengenharia.com.br\/index.php?rest_route=%2Fwp%2Fv2%2Fcomments&post=83"}],"version-history":[{"count":6,"href":"https:\/\/sempiengenharia.com.br\/index.php?rest_route=\/wp\/v2\/pages\/83\/revisions"}],"predecessor-version":[{"id":307,"href":"https:\/\/sempiengenharia.com.br\/index.php?rest_route=\/wp\/v2\/pages\/83\/revisions\/307"}],"wp:attachment":[{"href":"https:\/\/sempiengenharia.com.br\/index.php?rest_route=%2Fwp%2Fv2%2Fmedia&parent=83"}],"curies":[{"name":"wp","href":"https:\/\/api.w.org\/{rel}","templated":true}]}}