{"id":88,"date":"2017-03-02T03:48:06","date_gmt":"2017-03-02T03:48:06","guid":{"rendered":"https:\/\/sempiengenharia.com.br\/?page_id=88"},"modified":"2017-06-27T18:31:12","modified_gmt":"2017-06-27T18:31:12","slug":"correcao-do-fator-de-potencia","status":"publish","type":"page","link":"https:\/\/sempiengenharia.com.br\/?page_id=88","title":{"rendered":"Corre\u00e7\u00e3o do Fator de Pot\u00eancia"},"content":{"rendered":"<ul>\n<li><img loading=\"lazy\" decoding=\"async\" class=\"alignnone size-medium wp-image-89 alignright\" src=\"https:\/\/sempiengenharia.com.br\/wp-content\/uploads\/2017\/03\/020-202x300.jpg\" alt=\"020\" width=\"202\" height=\"300\" srcset=\"https:\/\/sempiengenharia.com.br\/wp-content\/uploads\/2017\/03\/020-202x300.jpg 202w, https:\/\/sempiengenharia.com.br\/wp-content\/uploads\/2017\/03\/020.jpg 292w\" sizes=\"auto, (max-width: 202px) 100vw, 202px\" \/>Estudo e corre\u00e7\u00e3o do fator de pot\u00eancia, utilizando banco de capacitores com controle autom\u00e1tico e semi-autom\u00e1tico de acordo com a portaria 1569\/93 do DNAE.<\/li>\n<\/ul>\n<p><strong><span style=\"text-decoration: underline; color: #ff0000;\">Benef\u00edcios Obtidos:<\/span><\/strong><\/p>\n<ul>\n<li>Redu\u00e7\u00e3o das perdas de energia el\u00e9trica por aquecimento nos condutores<\/li>\n<li>Diminui\u00e7\u00e3o da queda de tens\u00e3o<\/li>\n<li>Diminui\u00e7\u00e3o de aquecimento nos condutores<\/li>\n<li>Transformadores menos sobrecarregados<\/li>\n<li>Melhor aproveitamento da capacidade de transformadores<\/li>\n<li>Aumento da vida \u00fatil dos equipamentos<\/li>\n<li>Economia com a explos\u00e3o do consumo de energia reativa excedente, que \u00e9 cobrado na conta<\/li>\n<li>Elimina\u00e7\u00e3o das tarifas extras na conta mensal de energia el\u00e9trica<\/li>\n<li>Consumo de energia el\u00e9trica com racionamento<\/li>\n<li>Diminui\u00e7\u00e3o da queima de motores el\u00e9tricos e l\u00e2mpadas<\/li>\n<\/ul>\n<p>\n\n<div\n\t\tclass=\"pirate_forms_container widget-no\"\n\t\tid=\"pirate_forms_container_default\">\n\t<!-- header -->\n\t\n\t<!-- thank you -->\n\t\n\t<div class=\"pirate_forms_wrap\">\n\t\t<!-- errors -->\n\t\t\n\t\t<!-- form -->\n\t\t\n\t\t<form\n\t\t\t\tmethod=\"post\"\n\t\t\t\tenctype=\"application\/x-www-form-urlencoded\"\n\t\t\t\tclass=\"pirate_forms  form_honeypot-on wordpress-nonce-on pirate-forms-contact-name-on pirate-forms-contact-email-on pirate-forms-contact-subject-on pirate-forms-contact-message-on pirate-forms-contact-submit-on pirate_forms_from_form-on\"\n\t\t\t\t\t>\n\t\t\t<div class=\"pirate_forms_three_inputs_wrap \">\n\t\t\t\t\n\n<div class=\"col-xs-12 pirate_forms_three_inputs form_field_wrap contact_name_wrap col-xs-12 col-sm-6 contact_name_wrap pirate_forms_three_inputs form_field_wrap\">\n\t\t<input\n\t\t\ttype=\"text\"\n\t\t\tclass=\"form-control\" id=\"pirate-forms-contact-name\" name=\"pirate-forms-contact-name\" class=\"\" placeholder=\"Nome\" required oninvalid=\"this.setCustomValidity('Entre com seu Nome')\" onchange=\"this.setCustomValidity('')\" value=\"\" >\n<\/div>\n\n\n<div class=\"col-xs-12 pirate_forms_three_inputs form_field_wrap contact_email_wrap col-xs-12 col-sm-6 contact_email_wrap pirate_forms_three_inputs form_field_wrap\">\n\t\t<input type=\"email\" class=\"form-control\" id=\"pirate-forms-contact-email\" name=\"pirate-forms-contact-email\" class=\"\" placeholder=\"E-mail\" required oninvalid=\"this.setCustomValidity('Insira um e-mail Valido')\" onchange=\"this.setCustomValidity('')\" value=\"\">\n<\/div>\n\n\n<div class=\"col-xs-12 pirate_forms_three_inputs form_field_wrap contact_subject_wrap col-xs-12 contact_subject_wrap pirate_forms_three_inputs form_field_wrap\">\n\t\t<input\n\t\t\ttype=\"text\"\n\t\t\tclass=\"form-control\" id=\"pirate-forms-contact-subject\" name=\"pirate-forms-contact-subject\" class=\"\" placeholder=\"Assunto\" required oninvalid=\"this.setCustomValidity('Indique um assunto')\" onchange=\"this.setCustomValidity('')\" value=\"\" >\n<\/div>\n\t\t\t<\/div>\n\n\t\t\t\n\n<div class=\"col-xs-12 form_field_wrap contact_message_wrap col-xs-12 contact_message_wrap pirate_forms_three_inputs form_field_wrap\">\n\t\t<textarea\n\t\t\trows=\"5\" cols=\"30\"\n\t\t\tclass=\"form-control\" id=\"pirate-forms-contact-message\" name=\"pirate-forms-contact-message\" class=\"\" placeholder=\"Escreva sua Mensagem\" required oninvalid=\"this.setCustomValidity('Adicione um Coment\u00e1rio ou Critica')\" onchange=\"this.setCustomValidity('')\" ><\/textarea>\n<\/div>\n\n\n<div class=\"col-xs-12 form_field_wrap contact_submit_wrap\">\n\t<button type=\"submit\" class=\"pirate-forms-submit-button btn btn-primary \" id=\"pirate-forms-contact-submit\" name=\"pirate-forms-contact-submit\" class=\"pirate-forms-submit-button btn btn-primary \" placeholder=\"\" >Enviar Mensagem<\/button>\n<\/div>\n<input type=\"hidden\" id=\"pirate_forms_ajax\" name=\"pirate_forms_ajax\" class=\"\" placeholder=\"\"  value=\"0\"><div class=\"form_field_wrap hidden\" style=\"display: none\"><input type=\"text\" id=\"form_honeypot\" name=\"honeypot\" class=\"\" placeholder=\"\"  value=\"\"><\/div><input type=\"hidden\" id=\"pirate_forms_from_widget\" name=\"pirate_forms_from_widget\" class=\"\" placeholder=\"\"  value=\"0\"><input type=\"hidden\" id=\"wordpress-nonce\" name=\"wordpress-nonce\" class=\"\" placeholder=\"\"  value=\"5becd729d7\"><input type=\"hidden\" id=\"pirate_forms_from_form\" name=\"pirate_forms_from_form\" class=\"\" placeholder=\"\"  value=\"a10f31a5df\">\t\t<\/form>\n\n\t\t\n\t\t<div class=\"pirate_forms_clearfix\"><\/div>\n\t<\/div>\n\n\t<!-- footer -->\n\t<\/div>\n<br \/>\n&nbsp;<\/p>\n","protected":false},"excerpt":{"rendered":"<p>Estudo e corre\u00e7\u00e3o do fator de pot\u00eancia, utilizando banco de capacitores com controle autom\u00e1tico e semi-autom\u00e1tico de acordo com a portaria 1569\/93 do DNAE. Benef\u00edcios Obtidos: Redu\u00e7\u00e3o das perdas de energia el\u00e9trica por aquecimento nos condutores Diminui\u00e7\u00e3o da queda de tens\u00e3o Diminui\u00e7\u00e3o de aquecimento nos condutores Transformadores menos sobrecarregados Melhor aproveitamento da capacidade de transformadores [&hellip;]<\/p>\n","protected":false},"author":1,"featured_media":0,"parent":0,"menu_order":0,"comment_status":"closed","ping_status":"closed","template":"","meta":{"footnotes":""},"class_list":["post-88","page","type-page","status-publish","hentry"],"aioseo_notices":[],"_links":{"self":[{"href":"https:\/\/sempiengenharia.com.br\/index.php?rest_route=\/wp\/v2\/pages\/88","targetHints":{"allow":["GET"]}}],"collection":[{"href":"https:\/\/sempiengenharia.com.br\/index.php?rest_route=\/wp\/v2\/pages"}],"about":[{"href":"https:\/\/sempiengenharia.com.br\/index.php?rest_route=\/wp\/v2\/types\/page"}],"author":[{"embeddable":true,"href":"https:\/\/sempiengenharia.com.br\/index.php?rest_route=\/wp\/v2\/users\/1"}],"replies":[{"embeddable":true,"href":"https:\/\/sempiengenharia.com.br\/index.php?rest_route=%2Fwp%2Fv2%2Fcomments&post=88"}],"version-history":[{"count":9,"href":"https:\/\/sempiengenharia.com.br\/index.php?rest_route=\/wp\/v2\/pages\/88\/revisions"}],"predecessor-version":[{"id":244,"href":"https:\/\/sempiengenharia.com.br\/index.php?rest_route=\/wp\/v2\/pages\/88\/revisions\/244"}],"wp:attachment":[{"href":"https:\/\/sempiengenharia.com.br\/index.php?rest_route=%2Fwp%2Fv2%2Fmedia&parent=88"}],"curies":[{"name":"wp","href":"https:\/\/api.w.org\/{rel}","templated":true}]}}