{"id":95,"date":"2017-03-02T03:55:29","date_gmt":"2017-03-02T03:55:29","guid":{"rendered":"https:\/\/sempiengenharia.com.br\/?page_id=95"},"modified":"2017-03-02T03:55:29","modified_gmt":"2017-03-02T03:55:29","slug":"reforma-de-instalacoes-eletricas-e-prediais","status":"publish","type":"page","link":"https:\/\/sempiengenharia.com.br\/?page_id=95","title":{"rendered":"Reforma de Instala\u00e7\u00f5es El\u00e9tricas e Prediais"},"content":{"rendered":"<div>\n<h3><img loading=\"lazy\" decoding=\"async\" class=\"alignnone size-medium wp-image-50 alignright\" src=\"https:\/\/sempiengenharia.com.br\/wp-content\/uploads\/2017\/02\/cab005-768x578-300x226.png\" alt=\"cab005-768x578\" width=\"300\" height=\"226\" srcset=\"https:\/\/sempiengenharia.com.br\/wp-content\/uploads\/2017\/02\/cab005-768x578-300x226.png 300w, https:\/\/sempiengenharia.com.br\/wp-content\/uploads\/2017\/02\/cab005-768x578.png 768w, https:\/\/sempiengenharia.com.br\/wp-content\/uploads\/2017\/02\/cab005-768x578-285x214.png 285w\" sizes=\"auto, (max-width: 300px) 100vw, 300px\" \/>A SEMPI\u00a0oferece solu\u00e7\u00f5es para cada caso atrav\u00e9s de:<\/h3>\n<\/div>\n<div>\n<ul>\n<li>Reformas e melhorias em instala\u00e7\u00f5es el\u00e9tricas<\/li>\n<li>Substitui\u00e7\u00e3o de cabos, chaves e quadros<\/li>\n<li>Localiza\u00e7\u00e3o e remo\u00e7\u00e3o de pontos quentes<\/li>\n<li>Medi\u00e7\u00e3o de temperatura em circuitos energizados<\/li>\n<li>Projeto e execu\u00e7\u00e3o de modifica\u00e7\u00f5es para aumento de carga<\/li>\n<li>Implanta\u00e7\u00e3o de gerenciador eletr\u00f4nico e de controle, visando \u00e0 redu\u00e7\u00e3o da conta de energia el\u00e9trica<\/li>\n<li>Assessoria para contrata\u00e7\u00e3o mais econ\u00f4mica de energia junto a CPFL\u00a0ou concession\u00e1ria local<\/li>\n<\/ul>\n<\/div>\n","protected":false},"excerpt":{"rendered":"<p>A SEMPI\u00a0oferece solu\u00e7\u00f5es para cada caso atrav\u00e9s de: Reformas e melhorias em instala\u00e7\u00f5es el\u00e9tricas Substitui\u00e7\u00e3o de cabos, chaves e quadros Localiza\u00e7\u00e3o e remo\u00e7\u00e3o de pontos quentes Medi\u00e7\u00e3o de temperatura em circuitos energizados Projeto e execu\u00e7\u00e3o de modifica\u00e7\u00f5es para aumento de carga Implanta\u00e7\u00e3o de gerenciador eletr\u00f4nico e de controle, visando \u00e0 redu\u00e7\u00e3o da conta de energia [&hellip;]<\/p>\n","protected":false},"author":1,"featured_media":0,"parent":0,"menu_order":0,"comment_status":"closed","ping_status":"closed","template":"","meta":{"footnotes":""},"class_list":["post-95","page","type-page","status-publish","hentry"],"aioseo_notices":[],"_links":{"self":[{"href":"https:\/\/sempiengenharia.com.br\/index.php?rest_route=\/wp\/v2\/pages\/95","targetHints":{"allow":["GET"]}}],"collection":[{"href":"https:\/\/sempiengenharia.com.br\/index.php?rest_route=\/wp\/v2\/pages"}],"about":[{"href":"https:\/\/sempiengenharia.com.br\/index.php?rest_route=\/wp\/v2\/types\/page"}],"author":[{"embeddable":true,"href":"https:\/\/sempiengenharia.com.br\/index.php?rest_route=\/wp\/v2\/users\/1"}],"replies":[{"embeddable":true,"href":"https:\/\/sempiengenharia.com.br\/index.php?rest_route=%2Fwp%2Fv2%2Fcomments&post=95"}],"version-history":[{"count":1,"href":"https:\/\/sempiengenharia.com.br\/index.php?rest_route=\/wp\/v2\/pages\/95\/revisions"}],"predecessor-version":[{"id":96,"href":"https:\/\/sempiengenharia.com.br\/index.php?rest_route=\/wp\/v2\/pages\/95\/revisions\/96"}],"wp:attachment":[{"href":"https:\/\/sempiengenharia.com.br\/index.php?rest_route=%2Fwp%2Fv2%2Fmedia&parent=95"}],"curies":[{"name":"wp","href":"https:\/\/api.w.org\/{rel}","templated":true}]}}