{"id":98,"date":"2017-03-02T04:03:26","date_gmt":"2017-03-02T04:03:26","guid":{"rendered":"https:\/\/sempiengenharia.com.br\/?page_id=98"},"modified":"2017-03-02T04:11:59","modified_gmt":"2017-03-02T04:11:59","slug":"gerenciamento-de-energia-eletrica","status":"publish","type":"page","link":"https:\/\/sempiengenharia.com.br\/?page_id=98","title":{"rendered":"Gerenciamento de Energia El\u00e9trica"},"content":{"rendered":"<ul>\n<li><img loading=\"lazy\" decoding=\"async\" class=\"alignnone wp-image-99 alignright\" src=\"https:\/\/sempiengenharia.com.br\/wp-content\/uploads\/2017\/03\/Tela_4-300x184.jpg\" alt=\"Tela_4\" width=\"351\" height=\"215\" srcset=\"https:\/\/sempiengenharia.com.br\/wp-content\/uploads\/2017\/03\/Tela_4-300x184.jpg 300w, https:\/\/sempiengenharia.com.br\/wp-content\/uploads\/2017\/03\/Tela_4.jpg 488w\" sizes=\"auto, (max-width: 351px) 100vw, 351px\" \/>Cultura do desperd\u00edcio de energia<\/li>\n<li>Penalidades por ultrapassagens de demanda<\/li>\n<li>Mau aproveitamento das demandas contratadas<\/li>\n<li>Inexatid\u00e3o das contas de energia<\/li>\n<li>Inadequa\u00e7\u00f5es nos medidores de energia<\/li>\n<li>Rateios de custos na conta de energia el\u00e9trica<\/li>\n<li>Descontrole nos programas de economia de energia<\/li>\n<li>Eventuais sinistro em raz\u00e3o de inseguran\u00e7a nas instala\u00e7\u00f5es el\u00e9tricas<\/li>\n<\/ul>\n<h3 id=\"Descricao\" class=\"div-items-submenu-produto\"><span class=\"titulo-item-submenu-produto\">Apresenta\u00e7\u00e3o<\/span><\/h3>\n<div class=\"div-items-submenu-produto\">O mais completo equipamento deste tipo no mercado, com acesso remoto por celular tablet ou computador.<br \/>\nTotalmente nacional com melhor custo benef\u00edcio do mercado!<br \/>\nAcompanhamento das grandezas el\u00e9tricas medidas em tempo real, de onde voc\u00ea estiver, em qualquer lugar do mundo com acesso a internet.<br \/>\nIndispens\u00e1vel para gera\u00e7\u00e3o de relat\u00f3rios de balanceamento de carga, aferi\u00e7\u00f5es de consumo e fator de pot\u00eancia, entre outra aplica\u00e7\u00f5es.<\/p>\n<h4>APLICA\u00c7\u00d5ES INDICADAS:<\/h4>\n<p>Monitorar e aferir as grandezas el\u00e9tricas dos circuitos medidos.<br \/>\nAferir o consumo el\u00e9trico de resid\u00eancias, ind\u00fastrias m\u00e1quinas e aparelhos.<br \/>\nPrecificar custos de produ\u00e7\u00e3o em empresas, utilizando o DMI para medir os gastos com eletricidade na produ\u00e7\u00e3o de determinado produto.<br \/>\nIdeal para divis\u00f5es de energia el\u00e9trica em casas e salas locadas com um \u00fanico medidor da prestadora de energia.<br \/>\nGera\u00e7\u00e3o de relat\u00f3rios de consumo, de picos e quedas de tens\u00e3o, etc, etc.<br \/>\nReduzir gastos com consumo el\u00e9trico, pois \u00e9 fato que ao saber em tempo real quanto est\u00e1 gastando o usu\u00e1rio tende a economizar, trazendo resultados imediatos.<\/p>\n<\/div>\n<h3 id=\"Caracteristicas\" class=\"div-items-submenu-produto\"><span class=\"titulo-item-submenu-produto\">Funcionalidades<\/span><\/h3>\n<div class=\"div-items-submenu-produto\">An\u00e1lise e Telemetria de circuitos el\u00e9tricos em tempo real.<br \/>\nAvalia\u00e7\u00e3o de KVAR para corre\u00e7\u00e3o de fator de pot\u00eancia.<br \/>\nAtua\u00e7\u00e3o sobre acionamento de bancos de capacitores.<br \/>\nAplica\u00e7\u00e3o em fun\u00e7\u00f5es de automa\u00e7\u00e3o de processos e telemetria de quaisquer sensores NA\/NF do mercado.<br \/>\nPossibilidade de rateamento de custos de energia em resid\u00eancias, salas comerciais, etc.<br \/>\nEnvio de mensagens de alertas, configur\u00e1veis.<br \/>\nEnvio de emails com simula\u00e7\u00e3o de fatura mensal.<\/p>\n<h4>MEDI\u00c7\u00c3O DE GRANDEZAS EL\u00c9TRICAS EM TEMPO REAL<\/h4>\n<p>&#8211; Tens\u00e3o ( Individual de cada fase)<br \/>\n&#8211; Frequ\u00eancia (individual de cada fase)<br \/>\n&#8211; Corrente ( individual de cada fase)<br \/>\n&#8211; Corrente total do circuito<br \/>\n&#8211; Energia ativa (Watts) individual de cada fase<br \/>\n&#8211; Energia ativa (Watts) total das 3 fases<br \/>\n&#8211; Energia reativa (Var) individual de cada fase<br \/>\n&#8211; Energia reativa (Var) total das 3 fases<br \/>\n&#8211; Energia aparente ( VA) individual de cada fase<br \/>\n&#8211; Energia aparente (VA) total das 3 fases<br \/>\n&#8211; Consumo acumulado em KWh de cada fase<br \/>\n&#8211; Consumo acumulado em KWh total do circuito (3 fases)<br \/>\n&#8211; Fator de pot\u00eancia individual de cada fase<br \/>\n&#8211; M\u00e9dia do fator de pot\u00eancia das 3 fases<br \/>\n&#8211; Analisa o KVAr necess\u00e1rio para corre\u00e7\u00e3o do fator de pot\u00eancia do circuito<br \/>\n&#8211; Atua como datalogger transmitindo as medi\u00e7\u00f5es para conta do usu\u00e1rio na ISSO<\/p>\n<p>&nbsp;<\/p>\n<\/div>\n<p>Veja a Demonstra\u00e7\u00e3o em tempo Real <span style=\"color: #ff0000;\"><a style=\"color: #ff0000;\" href=\"http:\/\/medidordeconsumo.issodns.com:93\/\" target=\"_blank\">Clique aqui<\/a><\/span><\/p>\n","protected":false},"excerpt":{"rendered":"<p>Cultura do desperd\u00edcio de energia Penalidades por ultrapassagens de demanda Mau aproveitamento das demandas contratadas Inexatid\u00e3o das contas de energia Inadequa\u00e7\u00f5es nos medidores de energia Rateios de custos na conta de energia el\u00e9trica Descontrole nos programas de economia de energia Eventuais sinistro em raz\u00e3o de inseguran\u00e7a nas instala\u00e7\u00f5es el\u00e9tricas Apresenta\u00e7\u00e3o O mais completo equipamento deste [&hellip;]<\/p>\n","protected":false},"author":1,"featured_media":0,"parent":0,"menu_order":0,"comment_status":"closed","ping_status":"closed","template":"","meta":{"footnotes":""},"class_list":["post-98","page","type-page","status-publish","hentry"],"aioseo_notices":[],"_links":{"self":[{"href":"https:\/\/sempiengenharia.com.br\/index.php?rest_route=\/wp\/v2\/pages\/98","targetHints":{"allow":["GET"]}}],"collection":[{"href":"https:\/\/sempiengenharia.com.br\/index.php?rest_route=\/wp\/v2\/pages"}],"about":[{"href":"https:\/\/sempiengenharia.com.br\/index.php?rest_route=\/wp\/v2\/types\/page"}],"author":[{"embeddable":true,"href":"https:\/\/sempiengenharia.com.br\/index.php?rest_route=\/wp\/v2\/users\/1"}],"replies":[{"embeddable":true,"href":"https:\/\/sempiengenharia.com.br\/index.php?rest_route=%2Fwp%2Fv2%2Fcomments&post=98"}],"version-history":[{"count":5,"href":"https:\/\/sempiengenharia.com.br\/index.php?rest_route=\/wp\/v2\/pages\/98\/revisions"}],"predecessor-version":[{"id":107,"href":"https:\/\/sempiengenharia.com.br\/index.php?rest_route=\/wp\/v2\/pages\/98\/revisions\/107"}],"wp:attachment":[{"href":"https:\/\/sempiengenharia.com.br\/index.php?rest_route=%2Fwp%2Fv2%2Fmedia&parent=98"}],"curies":[{"name":"wp","href":"https:\/\/api.w.org\/{rel}","templated":true}]}}